{"id":26528,"date":"2024-04-29T10:49:25","date_gmt":"2024-04-29T07:19:25","guid":{"rendered":"https:\/\/orinmakhzan.ir\/product\/%d9%be%d9%85%d9%be-%d8%b3%d8%a7%d9%86%d8%aa%d8%b1%db%8c%d9%81%db%8c%d9%88%da%98\/"},"modified":"2025-01-28T09:01:14","modified_gmt":"2025-01-28T05:31:14","slug":"milk-transfer-pump","status":"publish","type":"product","link":"https:\/\/orinmakhzan.ir\/tr\/urun\/milk-transfer-pump\/","title":{"rendered":"Santrif\u00fcj Pompas\u0131"},"content":{"rendered":"\t\t<div data-elementor-type=\"product-post\" data-elementor-id=\"26528\" class=\"elementor elementor-26528 elementor-19038\" data-elementor-post-type=\"product\">\n\t\t\t\t<div class=\"wd-negative-gap elementor-element elementor-element-47ec7ee e-flex e-con-boxed e-con e-parent\" data-id=\"47ec7ee\" data-element_type=\"container\" data-e-type=\"container\">\n\t\t\t\t\t<div class=\"e-con-inner\">\n\t\t\t\t<div class=\"elementor-element elementor-element-8279d63 elementor-widget elementor-widget-heading\" data-id=\"8279d63\" data-element_type=\"widget\" data-e-type=\"widget\" data-widget_type=\"heading.default\">\n\t\t\t\t<div class=\"elementor-widget-container\">\n\t\t\t\t\t<h2 class=\"elementor-heading-title elementor-size-default\">Santrif\u00fcj Pompas\u0131 Tan\u0131t\u0131m\u0131<\/h2>\t\t\t\t<\/div>\n\t\t\t\t<\/div>\n\t\t\t\t\t<\/div>\n\t\t\t\t<\/div>\n\t\t<div class=\"wd-negative-gap elementor-element elementor-element-b360445 e-flex e-con-boxed e-con e-parent\" data-id=\"b360445\" data-element_type=\"container\" data-e-type=\"container\">\n\t\t\t\t\t<div class=\"e-con-inner\">\n\t\t\t\t<div class=\"elementor-element elementor-element-e2fc208 color-scheme-inherit text-left elementor-widget elementor-widget-text-editor\" data-id=\"e2fc208\" data-element_type=\"widget\" data-e-type=\"widget\" data-widget_type=\"text-editor.default\">\n\t\t\t\t<div class=\"elementor-widget-container\">\n\t\t\t\t\t\t\t\t\t<p style=\"text-align: justify;\">Orin Makhzan \u00fcretimi olan santrif\u00fcj pompas\u0131, a\u00e7\u0131k pervaneli tipte olup, ham s\u00fct ta\u015f\u0131nmas\u0131 ve transferi i\u00e7in kullan\u0131l\u0131r ve \u00fcr\u00fcnle temas eden t\u00fcm par\u00e7alar, 304 kalite paslanmaz \u00e7elikten yap\u0131lm\u0131\u015ft\u0131r. Bu pompalar, %100 yerinde at\u00f6lye ortam\u0131nda montajlan\u0131p test edildikten sonra, do\u011fru \u00e7al\u0131\u015ft\u0131\u011f\u0131ndan emin olunarak m\u00fc\u015fteriye teslim edilir.<\/p>\r\n<p style=\"text-align: justify;\">Bu pompalar, past\u00f6rizat\u00f6r sistemlerinde, dengeleme tanklar\u0131nda ve ta\u015f\u0131ma tanklar\u0131n\u0131n y\u00fcklenmesi i\u00e7in kullan\u0131lmak \u00fczere iki farkl\u0131 modelde \u00fcretilmektedir.<\/p>\t\t\t\t\t\t\t\t<\/div>\n\t\t\t\t<\/div>\n\t\t\t\t\t<\/div>\n\t\t\t\t<\/div>\n\t\t<div class=\"wd-negative-gap elementor-element elementor-element-37d6f30 e-flex e-con-boxed e-con e-parent\" data-id=\"37d6f30\" data-element_type=\"container\" data-e-type=\"container\">\n\t\t\t\t\t<div class=\"e-con-inner\">\n\t\t\t\t<div class=\"elementor-element elementor-element-edc0256 elementor-widget elementor-widget-shortcode\" data-id=\"edc0256\" data-element_type=\"widget\" data-e-type=\"widget\" data-widget_type=\"shortcode.default\">\n\t\t\t\t<div class=\"elementor-widget-container\">\n\t\t\t\t\t\t\t<div class=\"elementor-shortcode\">\n<div class=\"wpdt-c row wpDataTableContainerSimpleTable wpDataTables wpDataTablesWrapper\n\"\n    >\n        <table id=\"wpdtSimpleTable-4\"\n           style=\"border-collapse:collapse;\n                   border-spacing:0px;\"\n           class=\"wpdtSimpleTable wpDataTable\"\n           data-column=\"8\"\n           data-rows=\"3\"\n           data-wpID=\"4\"\n           data-responsive=\"1\"\n           data-has-header=\"1\">\n\n                    <thead>        <tr class=\"wpdt-cell-row \" >\n                            <th class=\"wpdt-cell \"\n                                    data-cell-id=\"A1\"\n                data-col-index=\"0\"\n                data-row-index=\"0\"\n                style=\" width:12.5%;                padding:10px;\n                \"\n                >\n                                S\u0131ra                <\/th>\n                                            <th class=\"wpdt-cell \"\n                                    data-cell-id=\"B1\"\n                data-col-index=\"1\"\n                data-row-index=\"0\"\n                style=\" width:12.5%;                padding:10px;\n                \"\n                >\n                                Model                <\/th>\n                                            <th class=\"wpdt-cell \"\n                                    data-cell-id=\"C1\"\n                data-col-index=\"2\"\n                data-row-index=\"0\"\n                style=\" width:12.5%;                padding:10px;\n                \"\n                >\n                                Beygir G\u00fcc\u00fc                <\/th>\n                                            <th class=\"wpdt-cell \"\n                                    data-cell-id=\"D1\"\n                data-col-index=\"3\"\n                data-row-index=\"0\"\n                style=\" width:12.5%;                padding:10px;\n                \"\n                >\n                                Motor Devri                <\/th>\n                                            <th class=\"wpdt-cell \"\n                                    data-cell-id=\"E1\"\n                data-col-index=\"4\"\n                data-row-index=\"0\"\n                style=\" width:12.5%;                padding:10px;\n                \"\n                >\n                                Kapasite                <\/th>\n                                            <th class=\"wpdt-cell \"\n                                    data-cell-id=\"F1\"\n                data-col-index=\"5\"\n                data-row-index=\"0\"\n                style=\" width:12.5%;                padding:10px;\n                \"\n                >\n                                Giri\u015f                <\/th>\n                                            <th class=\"wpdt-cell \"\n                                    data-cell-id=\"G1\"\n                data-col-index=\"6\"\n                data-row-index=\"0\"\n                style=\" width:12.5%;                padding:10px;\n                \"\n                >\n                                \u00c7\u0131k\u0131\u015f                <\/th>\n                                            <th class=\"wpdt-cell \"\n                                    data-cell-id=\"H1\"\n                data-col-index=\"7\"\n                data-row-index=\"0\"\n                style=\" width:12.5%;                padding:10px;\n                \"\n                >\n                                Kullan\u0131m                <\/th>\n                                        <\/tr>\n                    <tbody>        <tr class=\"wpdt-cell-row \" >\n                            <td class=\"wpdt-cell \"\n                                    data-cell-id=\"A2\"\n                data-col-index=\"0\"\n                data-row-index=\"1\"\n                style=\"                padding:10px;\n                \"\n                >\n                                1                <\/td>\n                                            <td class=\"wpdt-cell \"\n                                    data-cell-id=\"B2\"\n                data-col-index=\"1\"\n                data-row-index=\"1\"\n                style=\"                padding:10px;\n                \"\n                >\n                                Om-P1                <\/td>\n                                            <td class=\"wpdt-cell \"\n                                    data-cell-id=\"C2\"\n                data-col-index=\"2\"\n                data-row-index=\"1\"\n                style=\"                padding:10px;\n                \"\n                >\n                                3\/4                <\/td>\n                                            <td class=\"wpdt-cell \"\n                                    data-cell-id=\"D2\"\n                data-col-index=\"3\"\n                data-row-index=\"1\"\n                style=\"                padding:10px;\n                \"\n                >\n                                3000                <\/td>\n                                            <td class=\"wpdt-cell \"\n                                    data-cell-id=\"E2\"\n                data-col-index=\"4\"\n                data-row-index=\"1\"\n                style=\"                padding:10px;\n                \"\n                >\n                                6 m3\/sa                <\/td>\n                                            <td class=\"wpdt-cell \"\n                                    data-cell-id=\"F2\"\n                data-col-index=\"5\"\n                data-row-index=\"1\"\n                style=\"                padding:10px;\n                \"\n                >\n                                38                <\/td>\n                                            <td class=\"wpdt-cell \"\n                                    data-cell-id=\"G2\"\n                data-col-index=\"6\"\n                data-row-index=\"1\"\n                style=\"                padding:10px;\n                \"\n                >\n                                38                <\/td>\n                                            <td class=\"wpdt-cell \"\n                                    data-cell-id=\"H2\"\n                data-col-index=\"7\"\n                data-row-index=\"1\"\n                style=\"                padding:10px;\n                \"\n                >\n                                Denge Tank\u0131                <\/td>\n                                        <\/tr>\n                            <tr class=\"wpdt-cell-row \" >\n                            <td class=\"wpdt-cell \"\n                                    data-cell-id=\"A3\"\n                data-col-index=\"0\"\n                data-row-index=\"2\"\n                style=\"                padding:10px;\n                \"\n                >\n                                2                <\/td>\n                                            <td class=\"wpdt-cell \"\n                                    data-cell-id=\"B3\"\n                data-col-index=\"1\"\n                data-row-index=\"2\"\n                style=\"                padding:10px;\n                \"\n                >\n                                Om-P2                <\/td>\n                                            <td class=\"wpdt-cell \"\n                                    data-cell-id=\"C3\"\n                data-col-index=\"2\"\n                data-row-index=\"2\"\n                style=\"                padding:10px;\n                \"\n                >\n                                2                <\/td>\n                                            <td class=\"wpdt-cell \"\n                                    data-cell-id=\"D3\"\n                data-col-index=\"3\"\n                data-row-index=\"2\"\n                style=\"                padding:10px;\n                \"\n                >\n                                3000                <\/td>\n                                            <td class=\"wpdt-cell \"\n                                    data-cell-id=\"E3\"\n                data-col-index=\"4\"\n                data-row-index=\"2\"\n                style=\"                padding:10px;\n                \"\n                >\n                                12 m3\/sa                <\/td>\n                                            <td class=\"wpdt-cell \"\n                                    data-cell-id=\"F3\"\n                data-col-index=\"5\"\n                data-row-index=\"2\"\n                style=\"                padding:10px;\n                \"\n                >\n                                51                <\/td>\n                                            <td class=\"wpdt-cell \"\n                                    data-cell-id=\"G3\"\n                data-col-index=\"6\"\n                data-row-index=\"2\"\n                style=\"                padding:10px;\n                \"\n                >\n                                38                <\/td>\n                                            <td class=\"wpdt-cell \"\n                                    data-cell-id=\"H3\"\n                data-col-index=\"7\"\n                data-row-index=\"2\"\n                style=\"                padding:10px;\n                \"\n                >\n                                Y\u00fckleme                <\/td>\n                                        <\/tr>\n                    <\/table>\n<\/div><style id='wpdt-custom-style-4'>\n<\/style>\n<style>\n\/* th background color *\/\n.wpdt-c.wpDataTablesWrapper table.wpdtSimpleTable.bt[data-has-header='1'] td.wpdt-header-classes,\n.wpdt-c.wpDataTablesWrapper table.wpdtSimpleTable thead th,\n.wpdt-c .wpDataTablesWrapper table.wpDataTable thead th,\n.wpdt-c .wpDataTablesWrapper table.wpDataTable thead th.sorting {\n\tbackground-color: #89B8C3 !important;\n    background-image: none !important;\n}\n\/* th font color *\/\n.wpdt-c.wpDataTablesWrapper table.wpdtSimpleTable.bt[data-has-header='1'] td.wpdt-header-classes,\n.wpdt-c.wpDataTablesWrapper table.wpdtSimpleTable thead th,\n.wpdt-c .wpDataTablesWrapper table.wpDataTable thead th {\n\tcolor: #040404 !important;\n}\n.wpdt-c .wpDataTablesWrapper table.wpDataTable thead th.sorting:after,\n.wpdt-c .wpDataTablesWrapper table.wpDataTable thead th.sorting_asc:after {\n\tborder-bottom-color: #040404 !important;\n}\n.wpdt-c .wpDataTablesWrapper table.wpDataTable thead th.sorting_desc:after {\n\tborder-top-color: #040404 !important;\n}\n\n\/* td inner border color *\/\n.wpdt-c.wpDataTablesWrapper table.wpDataTable.wpdtSimpleTable td,\n.wpdt-c .wpDataTablesWrapper table.wpDataTable td {\n\tborder-color: #89B8C3 !important;\n}\n                        .wpdt-c.wpDataTablesWrapper table.wpdtSimpleTable thead tr th {\n                border-bottom-color: #89B8C3 !important;\n                border-right-color: #89B8C3 !important;\n            }\n            .wpdt-c.wpDataTablesWrapper table.wpdtSimpleTable thead tr th:last-child {\n                border-right-color: inherit !important;\n            }\n            \/* table outer border color *\/\n.wpdt-c.wpDataTablesWrapper table.wpdtSimpleTable tr:last-child td,\n.wpdt-c.wpDataTablesWrapper table.wpdtSimpleTable tr:last-child td.wpdt-merged-cell:last-child,\n.wpdt-c.wpDataTablesWrapper table.wpdtSimpleTable tr:last-child td.wpdt-merged-cell,\n.wpdt-c .wpDataTablesWrapper table.wpDataTable tr:last-child td {\n\tborder-bottom-color: #89B8C3 !important;\n}\n.wpdt-c.wpDataTablesWrapper table.wpdtSimpleTable tr td:first-child,\n.wpdt-c .wpDataTablesWrapper table.wpDataTable tr td:first-child {\n\tborder-left-color: #89B8C3 !important;\n}\n.wpdt-c.wpDataTablesWrapper table.wpdtSimpleTable tr td:last-child,\n.wpdt-c.wpDataTablesWrapper table.wpdtSimpleTable tr td.wpdt-merged-cell:last-child,\n.wpdt-c .wpDataTablesWrapper table.wpDataTable tr td:last-child {\n\tborder-right-color: #89B8C3 !important;\n}\n                        .wpdt-c.wpDataTablesWrapper table.wpdtSimpleTable thead tr th:last-child {\n                border-right-color: #89B8C3 !important;\n            }\n            .wpdt-c.wpDataTablesWrapper table.wpdtSimpleTable thead tr th:first-child {\n                border-left-color: #89B8C3 !important;\n            }\n            .wpdt-c.wpDataTablesWrapper table.wpdtSimpleTable thead tr th {\n                border-top-color: #89B8C3 !important;\n            }\n            \/* selected rows background color *\/\n.wpdt-c .wpDataTablesWrapper table.wpDataTable tr.odd.selected > td,\n.wpdt-c .wpDataTablesWrapper table.wpDataTable tr.odd.selected > td.sorting_1,\n.wpdt-c .wpDataTablesWrapper table.wpDataTable tr.even.selected > td,\n.wpdt-c .wpDataTablesWrapper table.wpDataTable tr.even.selected > td.sorting_1 {\n\tbackground-color: #89B8C399 !important;\n}\n\/** overlays background color *\/\n.modal-backdrop.in,\n.wpdt-c .wpDataTablesWrapper .picker--opened .picker__holder {\n    background-color: yalda !important;\n}\n\n<\/style>\n<\/div>\n\t\t\t\t\t\t<\/div>\n\t\t\t\t<\/div>\n\t\t\t\t\t<\/div>\n\t\t\t\t<\/div>\n\t\t\t\t<\/div>\n\t\t","protected":false},"excerpt":{"rendered":"<p>Santrif\u00fcj Pompas\u0131 Tan\u0131t\u0131m\u0131 Orin Makhzan \u00fcretimi olan santrif\u00fcj pompas\u0131, a\u00e7\u0131k pervaneli tipte olup, ham s\u00fct ta\u015f\u0131nmas\u0131 ve transferi i\u00e7in kullan\u0131l\u0131r<\/p>\n","protected":false},"featured_media":23275,"comment_status":"open","ping_status":"closed","template":"","meta":[],"product_brand":[],"product_cat":[225],"product_tag":[],"class_list":{"0":"post-26528","1":"product","2":"type-product","3":"status-publish","4":"has-post-thumbnail","6":"product_cat-other-products-tr","8":"first","9":"instock","10":"shipping-taxable","11":"product-type-simple"},"_links":{"self":[{"href":"https:\/\/orinmakhzan.ir\/tr\/wp-json\/wp\/v2\/product\/26528","targetHints":{"allow":["GET"]}}],"collection":[{"href":"https:\/\/orinmakhzan.ir\/tr\/wp-json\/wp\/v2\/product"}],"about":[{"href":"https:\/\/orinmakhzan.ir\/tr\/wp-json\/wp\/v2\/types\/product"}],"replies":[{"embeddable":true,"href":"https:\/\/orinmakhzan.ir\/tr\/wp-json\/wp\/v2\/comments?post=26528"}],"version-history":[{"count":6,"href":"https:\/\/orinmakhzan.ir\/tr\/wp-json\/wp\/v2\/product\/26528\/revisions"}],"predecessor-version":[{"id":27009,"href":"https:\/\/orinmakhzan.ir\/tr\/wp-json\/wp\/v2\/product\/26528\/revisions\/27009"}],"wp:featuredmedia":[{"embeddable":true,"href":"https:\/\/orinmakhzan.ir\/tr\/wp-json\/wp\/v2\/media\/23275"}],"wp:attachment":[{"href":"https:\/\/orinmakhzan.ir\/tr\/wp-json\/wp\/v2\/media?parent=26528"}],"wp:term":[{"taxonomy":"product_brand","embeddable":true,"href":"https:\/\/orinmakhzan.ir\/tr\/wp-json\/wp\/v2\/product_brand?post=26528"},{"taxonomy":"product_cat","embeddable":true,"href":"https:\/\/orinmakhzan.ir\/tr\/wp-json\/wp\/v2\/product_cat?post=26528"},{"taxonomy":"product_tag","embeddable":true,"href":"https:\/\/orinmakhzan.ir\/tr\/wp-json\/wp\/v2\/product_tag?post=26528"}],"curies":[{"name":"wp","href":"https:\/\/api.w.org\/{rel}","templated":true}]}}