{"id":26491,"date":"2023-11-16T18:29:57","date_gmt":"2023-11-16T14:59:57","guid":{"rendered":"https:\/\/orinmakhzan.ir\/product\/ice-bankbuz-bankasi\/"},"modified":"2025-01-28T09:41:37","modified_gmt":"2025-01-28T06:11:37","slug":"ice-bank","status":"publish","type":"product","link":"https:\/\/orinmakhzan.ir\/tr\/urun\/ice-bank\/","title":{"rendered":"Ice Bank(Buz Bankas\u0131)"},"content":{"rendered":"\t\t<div data-elementor-type=\"product-post\" data-elementor-id=\"26491\" class=\"elementor elementor-26491 elementor-15709\" data-elementor-post-type=\"product\">\n\t\t\t\t<div class=\"wd-negative-gap elementor-element elementor-element-18c105ef e-flex e-con-boxed e-con e-parent\" data-id=\"18c105ef\" data-element_type=\"container\" data-e-type=\"container\">\n\t\t\t\t\t<div class=\"e-con-inner\">\n\t\t\t\t<div class=\"elementor-element elementor-element-3234f7e1 color-scheme-inherit text-left elementor-widget elementor-widget-text-editor\" data-id=\"3234f7e1\" data-element_type=\"widget\" data-e-type=\"widget\" data-widget_type=\"text-editor.default\">\n\t\t\t\t<div class=\"elementor-widget-container\">\n\t\t\t\t\t\t\t\t\t<h2><span style=\"color: #000000;\"><strong>Ice Bank Tan\u0131t\u0131m\u0131:<\/strong><\/span><\/h2><p style=\"text-align: justify;\">S\u0131v\u0131lar\u0131 so\u011futmak i\u00e7in, \u00f6zellikle s\u00fct gibi farkl\u0131 s\u0131v\u0131lar\u0131 so\u011futmak amac\u0131yla bu cihaz kullan\u0131l\u0131r. Buz deposu kullan\u0131m\u0131, elektrik t\u00fcketiminin zirve saatlerinde %40 oran\u0131nda azalt\u0131lmas\u0131na yard\u0131mc\u0131 olur. Buz \u00fcretimi ve depolamas\u0131, elektrik t\u00fcketiminin d\u00fc\u015f\u00fck oldu\u011fu saatlerde yap\u0131l\u0131r ve bu buz, y\u00fcksek t\u00fcketim saatlerinde so\u011futma kayna\u011f\u0131 olarak kullan\u0131l\u0131r.<\/p>\t\t\t\t\t\t\t\t<\/div>\n\t\t\t\t<\/div>\n\t\t\t\t\t<\/div>\n\t\t\t\t<\/div>\n\t\t\t\t<\/div>\n\t\t","protected":false},"excerpt":{"rendered":"<p><strong>Teknik \u00d6zellikler:<\/strong><\/p>\n<ol>\n<li>Depolama tank\u0131, A304 veya A316 paslanmaz \u00e7elik levhalardan yap\u0131lm\u0131\u015ft\u0131r.<\/li>\n<li>Evaparat\u00f6r bak\u0131r veya paslanmaz \u00e7elikten \u00fcretilmi\u015ftir.<\/li>\n<li>Tank\u0131n d\u0131\u015f y\u00fczeyi A304 paslanmaz \u00e7elik levha ile kaplanm\u0131\u015ft\u0131r.<\/li>\n<li>So\u011futma kapasitesi bir ton ve \u00fczeri.<\/li>\n<li>Dondurucu su s\u0131cakl\u0131\u011f\u0131: 2\u00b0C.<\/li>\n<li>Poli\u00fcretan \u0131s\u0131 yal\u0131t\u0131m\u0131.<\/li>\n<\/ol>\n","protected":false},"featured_media":23783,"comment_status":"open","ping_status":"closed","template":"","meta":[],"product_brand":[],"product_cat":[229],"product_tag":[],"class_list":{"0":"post-26491","1":"product","2":"type-product","3":"status-publish","4":"has-post-thumbnail","6":"product_cat-conditioning-system-tr","8":"first","9":"instock","10":"shipping-taxable","11":"product-type-simple"},"_links":{"self":[{"href":"https:\/\/orinmakhzan.ir\/tr\/wp-json\/wp\/v2\/product\/26491","targetHints":{"allow":["GET"]}}],"collection":[{"href":"https:\/\/orinmakhzan.ir\/tr\/wp-json\/wp\/v2\/product"}],"about":[{"href":"https:\/\/orinmakhzan.ir\/tr\/wp-json\/wp\/v2\/types\/product"}],"replies":[{"embeddable":true,"href":"https:\/\/orinmakhzan.ir\/tr\/wp-json\/wp\/v2\/comments?post=26491"}],"version-history":[{"count":5,"href":"https:\/\/orinmakhzan.ir\/tr\/wp-json\/wp\/v2\/product\/26491\/revisions"}],"predecessor-version":[{"id":27037,"href":"https:\/\/orinmakhzan.ir\/tr\/wp-json\/wp\/v2\/product\/26491\/revisions\/27037"}],"wp:featuredmedia":[{"embeddable":true,"href":"https:\/\/orinmakhzan.ir\/tr\/wp-json\/wp\/v2\/media\/23783"}],"wp:attachment":[{"href":"https:\/\/orinmakhzan.ir\/tr\/wp-json\/wp\/v2\/media?parent=26491"}],"wp:term":[{"taxonomy":"product_brand","embeddable":true,"href":"https:\/\/orinmakhzan.ir\/tr\/wp-json\/wp\/v2\/product_brand?post=26491"},{"taxonomy":"product_cat","embeddable":true,"href":"https:\/\/orinmakhzan.ir\/tr\/wp-json\/wp\/v2\/product_cat?post=26491"},{"taxonomy":"product_tag","embeddable":true,"href":"https:\/\/orinmakhzan.ir\/tr\/wp-json\/wp\/v2\/product_tag?post=26491"}],"curies":[{"name":"wp","href":"https:\/\/api.w.org\/{rel}","templated":true}]}}