{"id":26489,"date":"2023-11-16T18:52:38","date_gmt":"2023-11-16T15:22:38","guid":{"rendered":"https:\/\/orinmakhzan.ir\/product\/sut-sogutma-cihazi\/"},"modified":"2025-01-28T09:42:29","modified_gmt":"2025-01-28T06:12:29","slug":"milk-cooling","status":"publish","type":"product","link":"https:\/\/orinmakhzan.ir\/tr\/urun\/milk-cooling\/","title":{"rendered":"S\u00fct So\u011futma Cihaz\u0131"},"content":{"rendered":"<h3><span style=\"color: #000000;\"><strong>S\u00fct So\u011futma Cihaz\u0131:<\/strong><\/span><\/h3>\n<p>S\u00fct ve s\u0131v\u0131lar\u0131 h\u0131zl\u0131 bir \u015fekilde so\u011futmak i\u00e7in kullan\u0131l\u0131r ve bir chiller ile birka\u00e7 \u0131s\u0131 de\u011fi\u015ftiricisinden olu\u015fur.<\/p>\n<p>Orin Makhzan \u015eirketi, 1-3 ton kapasiteye sahip s\u00fct so\u011futma cihaz\u0131 \u00fcretme yetene\u011fine sahiptir.<\/p>\n","protected":false},"excerpt":{"rendered":"<p style=\"text-align: justify;\"><strong>Teknik \u00d6zellikler:<\/strong><\/p>\n<ol>\n<li style=\"text-align: justify;\">Kapasite, minimum 1 ton ile maksimum m\u00fc\u015fteri talebine g\u00f6re ayarlanabilir.<\/li>\n<li style=\"text-align: justify;\">S\u00fct i\u00e7in minimum \u00e7\u0131k\u0131\u015f s\u0131cakl\u0131\u011f\u0131 3\u00b0C, di\u011fer s\u0131v\u0131lar i\u00e7in al\u0131c\u0131 talebine g\u00f6re belirlenir.<\/li>\n<li style=\"text-align: justify;\">S\u00fct ve hayvanc\u0131l\u0131k end\u00fcstrilerinde \u00f6zel avantajlar sa\u011flar.<\/li>\n<li style=\"text-align: justify;\">\u00c7e\u015fitli s\u0131v\u0131lar\u0131n so\u011futulmas\u0131nda kullan\u0131labilir.<\/li>\n<li style=\"text-align: justify;\">Kompakt boyut, kolay kullan\u0131m, m\u00fckemmel dayan\u0131kl\u0131l\u0131k ve enerji t\u00fcketimini azaltma \u00f6zelliklerine sahiptir.<\/li>\n<li style=\"text-align: justify;\">T\u00fcm \u0131slak y\u00fczeyler paslanmaz \u00e7elikten (stainless steel) yap\u0131lm\u0131\u015ft\u0131r.<\/li>\n<\/ol>\n","protected":false},"featured_media":22733,"comment_status":"open","ping_status":"closed","template":"","meta":[],"product_brand":[],"product_cat":[229],"product_tag":[],"class_list":{"0":"post-26489","1":"product","2":"type-product","3":"status-publish","4":"has-post-thumbnail","6":"product_cat-conditioning-system-tr","8":"first","9":"instock","10":"shipping-taxable","11":"product-type-simple"},"_links":{"self":[{"href":"https:\/\/orinmakhzan.ir\/tr\/wp-json\/wp\/v2\/product\/26489","targetHints":{"allow":["GET"]}}],"collection":[{"href":"https:\/\/orinmakhzan.ir\/tr\/wp-json\/wp\/v2\/product"}],"about":[{"href":"https:\/\/orinmakhzan.ir\/tr\/wp-json\/wp\/v2\/types\/product"}],"replies":[{"embeddable":true,"href":"https:\/\/orinmakhzan.ir\/tr\/wp-json\/wp\/v2\/comments?post=26489"}],"version-history":[{"count":4,"href":"https:\/\/orinmakhzan.ir\/tr\/wp-json\/wp\/v2\/product\/26489\/revisions"}],"predecessor-version":[{"id":26924,"href":"https:\/\/orinmakhzan.ir\/tr\/wp-json\/wp\/v2\/product\/26489\/revisions\/26924"}],"wp:featuredmedia":[{"embeddable":true,"href":"https:\/\/orinmakhzan.ir\/tr\/wp-json\/wp\/v2\/media\/22733"}],"wp:attachment":[{"href":"https:\/\/orinmakhzan.ir\/tr\/wp-json\/wp\/v2\/media?parent=26489"}],"wp:term":[{"taxonomy":"product_brand","embeddable":true,"href":"https:\/\/orinmakhzan.ir\/tr\/wp-json\/wp\/v2\/product_brand?post=26489"},{"taxonomy":"product_cat","embeddable":true,"href":"https:\/\/orinmakhzan.ir\/tr\/wp-json\/wp\/v2\/product_cat?post=26489"},{"taxonomy":"product_tag","embeddable":true,"href":"https:\/\/orinmakhzan.ir\/tr\/wp-json\/wp\/v2\/product_tag?post=26489"}],"curies":[{"name":"wp","href":"https:\/\/api.w.org\/{rel}","templated":true}]}}