{"id":26485,"date":"2023-11-16T18:50:54","date_gmt":"2023-11-16T15:20:54","guid":{"rendered":"https:\/\/orinmakhzan.ir\/product\/26485\/"},"modified":"2025-09-15T09:05:23","modified_gmt":"2025-09-15T05:35:23","slug":"cow-transport","status":"publish","type":"product","link":"https:\/\/orinmakhzan.ir\/tr\/urun\/cow-transport\/","title":{"rendered":"Buza\u011f\u0131 Arabas\u0131"},"content":{"rendered":"\t\t<div data-elementor-type=\"product-post\" data-elementor-id=\"26485\" class=\"elementor elementor-26485 elementor-15723\" data-elementor-post-type=\"product\">\n\t\t\t\t<div class=\"wd-negative-gap elementor-element elementor-element-ce287c5 e-flex e-con-boxed e-con e-parent\" data-id=\"ce287c5\" data-element_type=\"container\" data-e-type=\"container\">\n\t\t\t\t\t<div class=\"e-con-inner\">\n\t\t<div class=\"elementor-element elementor-element-361a600 e-con-full e-flex e-con e-child\" data-id=\"361a600\" data-element_type=\"container\" data-e-type=\"container\">\n\t\t\t\t<div class=\"elementor-element elementor-element-3b59a18 elementor-widget elementor-widget-heading\" data-id=\"3b59a18\" data-element_type=\"widget\" data-e-type=\"widget\" data-widget_type=\"heading.default\">\n\t\t\t\t<div class=\"elementor-widget-container\">\n\t\t\t\t\t<h2 class=\"elementor-heading-title elementor-size-default\">Buza\u011f\u0131 ta\u015f\u0131ma arabas\u0131n\u0131n tan\u0131t\u0131m\u0131<\/h2>\t\t\t\t<\/div>\n\t\t\t\t<\/div>\n\t\t\t\t<div class=\"elementor-element elementor-element-9345e96 elementor-widget elementor-widget-wd_text_block\" data-id=\"9345e96\" data-element_type=\"widget\" data-e-type=\"widget\" data-widget_type=\"wd_text_block.default\">\n\t\t\t\t<div class=\"elementor-widget-container\">\n\t\t\t\t\t\t\t<div class=\"wd-text-block reset-last-child text-right\">\n\t\t\t\n\t\t\t<p style=\"text-align: justify;\">Yeni do\u011fan buza\u011f\u0131lar\u0131 \u00e7iftliklerde ta\u015f\u0131mak, hayvanc\u0131l\u0131k i\u015fletmeleri i\u00e7in zorlu bir i\u015ftir. Buza\u011f\u0131lar\u0131 ta\u015f\u0131mak i\u00e7in ip ile ba\u011flamak, hem buza\u011f\u0131da hem de de\u011ferli personelde stres yaratmaktad\u0131r. Bu durumda, personel, buza\u011f\u0131lar\u0131 arabaya yerle\u015ftirebilmek i\u00e7in yeterli g\u00fcce sahip de\u011filse, bu durum \u00e7ok tehlikeli olabilir, \u00e7\u00fcnk\u00fc buza\u011f\u0131lara geri d\u00f6n\u00fc\u015f\u00fc olmayan zararlar verebilir. Orin Makhzan \u015firketinin bu \u00fcr\u00fcn\u00fc, ta\u015f\u0131ma i\u015fini kolayla\u015ft\u0131ran bir buza\u011f\u0131 ta\u015f\u0131ma arabas\u0131d\u0131r.<\/p>\n\t\t\t\t\t<\/div>\n\t\t\t\t\t\t<\/div>\n\t\t\t\t<\/div>\n\t\t\t\t<\/div>\n\t\t<div class=\"elementor-element elementor-element-de356a4 e-con-full e-flex e-con e-child\" data-id=\"de356a4\" data-element_type=\"container\" data-e-type=\"container\">\n\t\t\t\t<div class=\"elementor-element elementor-element-255855d elementor-widget elementor-widget-shortcode\" data-id=\"255855d\" data-element_type=\"widget\" data-e-type=\"widget\" data-widget_type=\"shortcode.default\">\n\t\t\t\t<div class=\"elementor-widget-container\">\n\t\t\t\t\t\t\t<div class=\"elementor-shortcode\"><div id=\"59424451718\"><script type=\"text\/JavaScript\" src=\"https:\/\/www.aparat.com\/embed\/EJd8v?data[rnddiv]=59424451718&data[responsive]=yes\"><\/script><\/div><\/div>\n\t\t\t\t\t\t<\/div>\n\t\t\t\t<\/div>\n\t\t\t\t<\/div>\n\t\t\t\t\t<\/div>\n\t\t\t\t<\/div>\n\t\t<div class=\"wd-negative-gap elementor-element elementor-element-7bbedf6 e-flex e-con-boxed e-con e-parent\" data-id=\"7bbedf6\" data-element_type=\"container\" data-e-type=\"container\">\n\t\t\t\t\t<div class=\"e-con-inner\">\n\t\t\t\t<div class=\"elementor-element elementor-element-8412956 elementor-widget elementor-widget-wd_text_block\" data-id=\"8412956\" data-element_type=\"widget\" data-e-type=\"widget\" data-widget_type=\"wd_text_block.default\">\n\t\t\t\t<div class=\"elementor-widget-container\">\n\t\t\t\t\t\t\t<div class=\"wd-text-block reset-last-child text-right\">\n\t\t\t\n\t\t\t<p style=\"text-align: justify;\">Orin Makhzan\u2019\u0131n buza\u011f\u0131 ta\u015f\u0131ma arabas\u0131, paslanmaz \u00e7elikten yap\u0131lm\u0131\u015f olup, g\u00fcvenli\u011fi sa\u011flarken ta\u015f\u0131man\u0131n kolay olmas\u0131n\u0131 da m\u00fcmk\u00fcn k\u0131lar. Ayr\u0131ca, yeni do\u011fan buza\u011f\u0131lar\u0131n a\u011f\u0131rl\u0131\u011f\u0131n\u0131 \u00f6l\u00e7me ve kaydetme, buza\u011f\u0131n\u0131n cinsiyeti, do\u011fum tarihi ve saati, anne numaras\u0131, do\u011fum \u015fekli, sperma numaras\u0131 gibi di\u011fer bilgileri de kay\u0131t alt\u0131na alabilir. Personel, tek bir d\u00fc\u011fmeye dokunarak bu bilgileri aktarabilir ve yazd\u0131rabilir.<\/p>\n\t\t\t\t\t<\/div>\n\t\t\t\t\t\t<\/div>\n\t\t\t\t<\/div>\n\t\t\t\t\t<\/div>\n\t\t\t\t<\/div>\n\t\t<div class=\"wd-negative-gap elementor-element elementor-element-d120da3 e-flex e-con-boxed e-con e-parent\" data-id=\"d120da3\" data-element_type=\"container\" data-e-type=\"container\">\n\t\t\t\t\t<div class=\"e-con-inner\">\n\t\t<div class=\"elementor-element elementor-element-0025d50 e-con-full e-flex e-con e-child\" data-id=\"0025d50\" data-element_type=\"container\" data-e-type=\"container\">\n\t\t\t\t<div class=\"elementor-element elementor-element-28c3f1e elementor-widget elementor-widget-wd_image_or_svg\" data-id=\"28c3f1e\" data-element_type=\"widget\" data-e-type=\"widget\" data-widget_type=\"wd_image_or_svg.default\">\n\t\t\t\t<div class=\"elementor-widget-container\">\n\t\t\t\t\t\n\t\t<div class=\"wd-image text-left\">\n\t\t\t\t\t\t\t\t<img decoding=\"async\" width=\"2560\" height=\"1436\" src=\"https:\/\/orinmakhzan.ir\/wp-content\/uploads\/2023\/11\/IMG_20250915_085027_923-scaled.jpg\" class=\"attachment-full size-full\" alt=\"\u0645\u0627\u0646\u06cc\u062a\u0648\u0631 \u06af\u0627\u0631\u06cc \u062d\u0645\u0644 \u06af\u0648\u0633\u0627\u0644\u0647 \u062f\u0627\u0631\u0627\u06cc \u067e\u0646\u0644 \u0627\u0648\u0631\u06cc\u0646 \u0645\u062e\u0632\u0646\" srcset=\"https:\/\/orinmakhzan.ir\/wp-content\/uploads\/2023\/11\/IMG_20250915_085027_923-scaled.jpg 2560w, https:\/\/orinmakhzan.ir\/wp-content\/uploads\/2023\/11\/IMG_20250915_085027_923-400x224.jpg 400w, https:\/\/orinmakhzan.ir\/wp-content\/uploads\/2023\/11\/IMG_20250915_085027_923-1300x729.jpg 1300w, https:\/\/orinmakhzan.ir\/wp-content\/uploads\/2023\/11\/IMG_20250915_085027_923-768x431.jpg 768w, https:\/\/orinmakhzan.ir\/wp-content\/uploads\/2023\/11\/IMG_20250915_085027_923-1536x861.jpg 1536w, https:\/\/orinmakhzan.ir\/wp-content\/uploads\/2023\/11\/IMG_20250915_085027_923-2048x1148.jpg 2048w, https:\/\/orinmakhzan.ir\/wp-content\/uploads\/2023\/11\/IMG_20250915_085027_923-430x241.jpg 430w, https:\/\/orinmakhzan.ir\/wp-content\/uploads\/2023\/11\/IMG_20250915_085027_923-700x393.jpg 700w, https:\/\/orinmakhzan.ir\/wp-content\/uploads\/2023\/11\/IMG_20250915_085027_923-150x84.jpg 150w\" sizes=\"(max-width: 2560px) 100vw, 2560px\" \/>\t\t\t\t\t<\/div>\n\n\t\t\t\t\t\t<\/div>\n\t\t\t\t<\/div>\n\t\t\t\t<\/div>\n\t\t<div class=\"elementor-element elementor-element-1e597e6 e-con-full e-flex e-con e-child\" data-id=\"1e597e6\" data-element_type=\"container\" data-e-type=\"container\">\n\t\t\t\t<div class=\"elementor-element elementor-element-372a4fe elementor-widget elementor-widget-wd_image_or_svg\" data-id=\"372a4fe\" data-element_type=\"widget\" data-e-type=\"widget\" data-widget_type=\"wd_image_or_svg.default\">\n\t\t\t\t<div class=\"elementor-widget-container\">\n\t\t\t\t\t\n\t\t<div class=\"wd-image text-left\">\n\t\t\t\t\t\t\t\t<img decoding=\"async\" width=\"2560\" height=\"1441\" src=\"https:\/\/orinmakhzan.ir\/wp-content\/uploads\/2023\/11\/6-1-min-1-scaled.webp\" class=\"attachment-full size-full\" alt=\"\u06af\u0627\u0631\u06cc \u062d\u0645\u0644 \u06af\u0648\u0633\u0627\u0644\u0647 \u062f\u0627\u0631\u0627\u06cc \u0646\u0645\u0627\u06cc\u0634\u06af\u0631 \u0648 \u067e\u0631\u06cc\u0646\u062a\u0631 \u0627\u0648\u0631\u06cc\u0646 \u0645\u062e\u0632\u0646\" srcset=\"https:\/\/orinmakhzan.ir\/wp-content\/uploads\/2023\/11\/6-1-min-1-scaled.webp 2560w, https:\/\/orinmakhzan.ir\/wp-content\/uploads\/2023\/11\/6-1-min-1-400x225.webp 400w, https:\/\/orinmakhzan.ir\/wp-content\/uploads\/2023\/11\/6-1-min-1-1300x732.webp 1300w, https:\/\/orinmakhzan.ir\/wp-content\/uploads\/2023\/11\/6-1-min-1-768x432.webp 768w, https:\/\/orinmakhzan.ir\/wp-content\/uploads\/2023\/11\/6-1-min-1-1536x864.webp 1536w, https:\/\/orinmakhzan.ir\/wp-content\/uploads\/2023\/11\/6-1-min-1-2048x1153.webp 2048w, https:\/\/orinmakhzan.ir\/wp-content\/uploads\/2023\/11\/6-1-min-1-860x484.webp 860w, https:\/\/orinmakhzan.ir\/wp-content\/uploads\/2023\/11\/6-1-min-1-1320x743.webp 1320w, https:\/\/orinmakhzan.ir\/wp-content\/uploads\/2023\/11\/6-1-min-1-430x242.webp 430w, https:\/\/orinmakhzan.ir\/wp-content\/uploads\/2023\/11\/6-1-min-1-700x394.webp 700w, https:\/\/orinmakhzan.ir\/wp-content\/uploads\/2023\/11\/6-1-min-1-150x84.webp 150w\" sizes=\"(max-width: 2560px) 100vw, 2560px\" \/>\t\t\t\t\t<\/div>\n\n\t\t\t\t\t\t<\/div>\n\t\t\t\t<\/div>\n\t\t\t\t<\/div>\n\t\t\t\t\t<\/div>\n\t\t\t\t<\/div>\n\t\t<div class=\"wd-negative-gap elementor-element elementor-element-52bda8b e-flex e-con-boxed e-con e-parent\" data-id=\"52bda8b\" data-element_type=\"container\" data-e-type=\"container\">\n\t\t\t\t\t<div class=\"e-con-inner\">\n\t\t\t\t<div class=\"elementor-element elementor-element-c910d3a elementor-widget elementor-widget-wd_text_block\" data-id=\"c910d3a\" data-element_type=\"widget\" data-e-type=\"widget\" data-widget_type=\"wd_text_block.default\">\n\t\t\t\t<div class=\"elementor-widget-container\">\n\t\t\t\t\t\t\t<div class=\"wd-text-block reset-last-child text-right\">\n\t\t\t\n\t\t\t<p style=\"text-align: justify;\">Orin Makhzan \u015firketi, ekran \u00fczerindeki bilgileri, m\u00fc\u015fterilerin ihtiya\u00e7lar\u0131na g\u00f6re \u00f6zel olarak sunma kapasitesine de sahiptir. Bunun yan\u0131 s\u0131ra, Orin Makhzan\u2019\u0131n buza\u011f\u0131 ta\u015f\u0131ma arabas\u0131, zemine kolayca oturacak \u015fekilde tasarlanm\u0131\u015ft\u0131r, b\u00f6ylece personel tek ba\u015f\u0131na ve rahatl\u0131kla buza\u011f\u0131y\u0131 arabaya yerle\u015ftirebilir veya istenilen alana b\u0131rakabilir. Bu arabay\u0131 temizlemek de olduk\u00e7a h\u0131zl\u0131 ve kolayd\u0131r.<\/p>\n\t\t\t\t\t<\/div>\n\t\t\t\t\t\t<\/div>\n\t\t\t\t<\/div>\n\t\t\t\t\t<\/div>\n\t\t\t\t<\/div>\n\t\t\t\t<\/div>\n\t\t","protected":false},"excerpt":{"rendered":"<p><strong>Teknik \u00d6zellikler:<\/strong><\/p>\n<p>1-S\u0131\u011f\u0131r\u0131n a\u011f\u0131rl\u0131\u011f\u0131n\u0131 g\u00f6steren ekran bulunmaktad\u0131r.<\/p>\n<p>2-Her s\u0131\u011f\u0131r i\u00e7in kimlik kodu atama ve kay\u0131t etme \u00f6zelli\u011fi.(se\u00e7enek)<\/p>\n<p>3-Her s\u0131\u011f\u0131r\u0131n cinsiyetini belirleme ve kaydetme \u00f6zelli\u011fi.(se\u00e7enek)<\/p>\n<p>4-Anne ve s\u0131\u011f\u0131r\u0131n plaka numaras\u0131n\u0131 kaydetme \u00f6zelli\u011fi.(se\u00e7enek)<\/p>\n<p>5-Girilen bilgileri yazd\u0131rmak i\u00e7in yaz\u0131c\u0131ya sahip.(se\u00e7enek)<\/p>\n","protected":false},"featured_media":23101,"comment_status":"open","ping_status":"closed","template":"","meta":[],"product_brand":[],"product_cat":[224],"product_tag":[],"class_list":{"0":"post-26485","1":"product","2":"type-product","3":"status-publish","4":"has-post-thumbnail","6":"product_cat-husbandry-machines-tr","8":"first","9":"instock","10":"shipping-taxable","11":"product-type-simple"},"_links":{"self":[{"href":"https:\/\/orinmakhzan.ir\/tr\/wp-json\/wp\/v2\/product\/26485","targetHints":{"allow":["GET"]}}],"collection":[{"href":"https:\/\/orinmakhzan.ir\/tr\/wp-json\/wp\/v2\/product"}],"about":[{"href":"https:\/\/orinmakhzan.ir\/tr\/wp-json\/wp\/v2\/types\/product"}],"replies":[{"embeddable":true,"href":"https:\/\/orinmakhzan.ir\/tr\/wp-json\/wp\/v2\/comments?post=26485"}],"version-history":[{"count":5,"href":"https:\/\/orinmakhzan.ir\/tr\/wp-json\/wp\/v2\/product\/26485\/revisions"}],"predecessor-version":[{"id":27904,"href":"https:\/\/orinmakhzan.ir\/tr\/wp-json\/wp\/v2\/product\/26485\/revisions\/27904"}],"wp:featuredmedia":[{"embeddable":true,"href":"https:\/\/orinmakhzan.ir\/tr\/wp-json\/wp\/v2\/media\/23101"}],"wp:attachment":[{"href":"https:\/\/orinmakhzan.ir\/tr\/wp-json\/wp\/v2\/media?parent=26485"}],"wp:term":[{"taxonomy":"product_brand","embeddable":true,"href":"https:\/\/orinmakhzan.ir\/tr\/wp-json\/wp\/v2\/product_brand?post=26485"},{"taxonomy":"product_cat","embeddable":true,"href":"https:\/\/orinmakhzan.ir\/tr\/wp-json\/wp\/v2\/product_cat?post=26485"},{"taxonomy":"product_tag","embeddable":true,"href":"https:\/\/orinmakhzan.ir\/tr\/wp-json\/wp\/v2\/product_tag?post=26485"}],"curies":[{"name":"wp","href":"https:\/\/api.w.org\/{rel}","templated":true}]}}