{"id":26473,"date":"2023-11-23T19:29:35","date_gmt":"2023-11-23T15:59:35","guid":{"rendered":"https:\/\/orinmakhzan.ir\/product\/chiller-ham-sut-sogutucusu\/"},"modified":"2025-01-28T15:40:26","modified_gmt":"2025-01-28T12:10:26","slug":"chiller","status":"publish","type":"product","link":"https:\/\/orinmakhzan.ir\/tr\/urun\/chiller\/","title":{"rendered":"chiller (Ham S\u00fct So\u011futucusu)"},"content":{"rendered":"\t\t<div data-elementor-type=\"product-post\" data-elementor-id=\"26473\" class=\"elementor elementor-26473 elementor-16527\" data-elementor-post-type=\"product\">\n\t\t\t\t<div class=\"wd-negative-gap elementor-element elementor-element-b334431 e-flex e-con-boxed e-con e-parent\" data-id=\"b334431\" data-element_type=\"container\" data-e-type=\"container\">\n\t\t\t\t\t<div class=\"e-con-inner\">\n\t\t\t\t<div class=\"elementor-element elementor-element-609f414 elementor-widget elementor-widget-heading\" data-id=\"609f414\" data-element_type=\"widget\" data-e-type=\"widget\" data-widget_type=\"heading.default\">\n\t\t\t\t<div class=\"elementor-widget-container\">\n\t\t\t\t\t<h2 class=\"elementor-heading-title elementor-size-default\">Chiller Tan\u0131t\u0131m\u0131 (Ham s\u00fct so\u011futma i\u00e7in \u00f6zel)<\/h2>\t\t\t\t<\/div>\n\t\t\t\t<\/div>\n\t\t\t\t\t<\/div>\n\t\t\t\t<\/div>\n\t\t<div class=\"wd-negative-gap elementor-element elementor-element-a4efbd6 e-flex e-con-boxed e-con e-parent\" data-id=\"a4efbd6\" data-element_type=\"container\" data-e-type=\"container\">\n\t\t\t\t\t<div class=\"e-con-inner\">\n\t\t\t\t<div class=\"elementor-element elementor-element-f28c4c7 color-scheme-inherit text-left elementor-widget elementor-widget-text-editor\" data-id=\"f28c4c7\" data-element_type=\"widget\" data-e-type=\"widget\" data-widget_type=\"text-editor.default\">\n\t\t\t\t<div class=\"elementor-widget-container\">\n\t\t\t\t\t\t\t\t\t<p style=\"text-align: justify;\">S\u00fct\u00fcn sa\u011f\u0131mdan hemen sonra h\u0131zla so\u011futulmas\u0131, kalitesinin ve g\u00fcvenli\u011finin korunmas\u0131nda hayati bir ad\u0131md\u0131r. S\u00fct, sa\u011f\u0131mdan sonra do\u011fal olarak \u0131s\u0131n\u0131r ve bu durum, bakterilerin b\u00fcy\u00fcmesi i\u00e7in ideal \u00e7evresel ko\u015fullar olu\u015fturur. S\u00fct\u00fcn h\u0131zl\u0131 bir \u015fekilde yakla\u015f\u0131k 4 derece Celsius (39 derece Fahrenheit) ya da daha d\u00fc\u015f\u00fck bir s\u0131cakl\u0131\u011fa so\u011futulmas\u0131, mikroorganizmalar\u0131n b\u00fcy\u00fcmesini \u00f6nemli \u00f6l\u00e7\u00fcde yava\u015flat\u0131r ve b\u00f6ylece s\u00fct\u00fcn raf \u00f6mr\u00fc uzar, tazeli\u011fi korunur.<\/p>\n<p style=\"text-align: justify;\">Ham s\u00fct\u00fcn so\u011futulmas\u0131n\u0131n etkileri \u015funlard\u0131r:<\/p>\n<p style=\"text-align: justify;\">Bakteri B\u00fcy\u00fcmesinin Azalt\u0131lmas\u0131: Bakteriler, \u00f6zellikle bozulmaya neden olan mikroorganizmalar, \u00f6rne\u011fin Lactobacillus ve Pseudomonas, 10 derece Celsius (50 derece Fahrenheit) \u00fczerindeki s\u0131cakl\u0131klarda h\u0131zla \u00e7o\u011fal\u0131r. S\u00fct\u00fcn h\u0131zl\u0131 bir \u015fekilde daha d\u00fc\u015f\u00fck s\u0131cakl\u0131klara so\u011futulmas\u0131, bakterilerin \u00e7o\u011falmas\u0131n\u0131 yava\u015flat\u0131r ve bu da s\u00fct\u00fcn g\u00fcvenli\u011fini korur, asidikle\u015fme veya tat de\u011fi\u015fikli\u011fi gibi sorunlar\u0131n \u00f6nlenmesine yard\u0131mc\u0131 olur.<\/p>\n<p style=\"text-align: justify;\">Besin De\u011ferinin Korunmas\u0131: Y\u00fcksek s\u0131cakl\u0131klar, proteinlerin denat\u00fcre olmas\u0131na ve vitaminlerin tahrip olmas\u0131na neden olabilir, \u00f6zellikle C vitamini gibi hassas vitaminler. S\u00fct\u00fcn h\u0131zl\u0131 so\u011futulmas\u0131, bu besin maddelerinin daha iyi korunmas\u0131n\u0131 sa\u011flar ve s\u00fct\u00fcn besin de\u011feri y\u00fcksek kal\u0131r.<\/p>\n<p style=\"text-align: justify;\">S\u00fct Kalitesinin \u0130yile\u015ftirilmesi: So\u011futma, s\u00fctte asidite art\u0131\u015f\u0131 veya tat de\u011fi\u015fikli\u011fi gibi istenmeyen de\u011fi\u015fikliklere yol a\u00e7abilen<\/p>\n<p style=\"text-align: justify;\">enzim aktivitesini yava\u015flat\u0131r. Bu i\u015flem, s\u00fct\u00fcn tat ve doku kalitesinin korunmas\u0131na yard\u0131mc\u0131 olur.<\/p>\n<p style=\"text-align: justify;\">Bozulman\u0131n \u00d6nlenmesi: So\u011futulmu\u015f s\u00fct, bakteriler ve enzimler taraf\u0131ndan kaynaklanan bozulmalara kar\u015f\u0131 daha diren\u00e7lidir. Bu, s\u00fct\u00fcn k\u00f6t\u00fc koku, asidikle\u015fme veya\u00a0\u00a0 \u00f6zellikle s\u00fct uzun s\u00fcre y\u00fcksek s\u0131cakl\u0131klarda depolan\u0131rsa\u00a0 p\u0131ht\u0131la\u015fma gibi bozulmalar\u0131n\u0131 engellemeye yard\u0131mc\u0131 olur.<\/p>\n<p style=\"text-align: justify;\">G\u0131da G\u00fcvenli\u011fi Standartlar\u0131na Uygunluk: S\u00fct \u00fcretimi yap\u0131lan bir\u00e7ok b\u00f6lgede, \u00e7i\u011f s\u00fct\u00fcn s\u0131cakl\u0131k kontrol\u00fcne ili\u015fkin kat\u0131 d\u00fczenlemeler bulunmaktad\u0131r. Bu d\u00fczenlemeler, s\u00fct\u00fcn hijyenik ve g\u00fcvenli bir \u015fekilde standartlara uygun olmas\u0131n\u0131 sa\u011flamay\u0131 ama\u00e7lar. So\u011futma, bu s\u00fcre\u00e7te temel bir ad\u0131md\u0131r, b\u00f6ylece d\u00fczenlemelere uyulur ve s\u00fct kaynakl\u0131 hastal\u0131klar\u0131n riski azalt\u0131l\u0131r.<\/p>\n<p style=\"text-align: justify;\">Sonu\u00e7 olarak, sa\u011f\u0131mdan sonra \u00e7i\u011f s\u00fct\u00fcn h\u0131zl\u0131 bir \u015fekilde so\u011futulmas\u0131, s\u00fct\u00fcn kalitesinin korunmas\u0131, g\u00fcvenli\u011finin sa\u011flanmas\u0131 ve raf \u00f6mr\u00fcn\u00fcn uzat\u0131lmas\u0131 i\u00e7in hayati bir uygulamad\u0131r. Bu s\u00fcrecin faydalar\u0131, bakteriyel b\u00fcy\u00fcmenin azalmas\u0131, daha iyi tat korunumu ve besin de\u011ferinin muhafaza edilmesiyle kendini g\u00f6sterir ve s\u00fct t\u00fcketicileri ve \u00fcreticileri i\u00e7in \u00f6nemlidir.<\/p>\n\t\t\t\t\t\t\t\t<\/div>\n\t\t\t\t<\/div>\n\t\t\t\t<div class=\"elementor-element elementor-element-f8ad9eb elementor-widget elementor-widget-wd_text_block\" data-id=\"f8ad9eb\" data-element_type=\"widget\" data-e-type=\"widget\" data-widget_type=\"wd_text_block.default\">\n\t\t\t\t<div class=\"elementor-widget-container\">\n\t\t\t\t\t\t\t<div class=\"wd-text-block reset-last-child text-center\">\n\t\t\t\n\t\t\tA\u015fa\u011f\u0131daki videolarda \"Chiller\" \u00fcr\u00fcn\u00fcn\u00fcn tamam\u0131n\u0131 tan\u0131t\u0131yoruz.\n\t\t\t\t\t<\/div>\n\t\t\t\t\t\t<\/div>\n\t\t\t\t<\/div>\n\t\t\t\t\t<\/div>\n\t\t\t\t<\/div>\n\t\t<div class=\"wd-negative-gap elementor-element elementor-element-b97720f e-flex e-con-boxed e-con e-parent\" data-id=\"b97720f\" data-element_type=\"container\" data-e-type=\"container\">\n\t\t\t\t\t<div class=\"e-con-inner\">\n\t\t<div class=\"elementor-element elementor-element-852cf9f e-con-full e-flex e-con e-child\" data-id=\"852cf9f\" data-element_type=\"container\" data-e-type=\"container\">\n\t\t\t\t<div class=\"elementor-element elementor-element-b4f4908 elementor-widget elementor-widget-shortcode\" data-id=\"b4f4908\" data-element_type=\"widget\" data-e-type=\"widget\" data-widget_type=\"shortcode.default\">\n\t\t\t\t<div class=\"elementor-widget-container\">\n\t\t\t\t\t\t\t<div class=\"elementor-shortcode\"><div id=\"74565027974\"><script type=\"text\/JavaScript\" src=\"https:\/\/www.aparat.com\/embed\/ppol731?data[rnddiv]=74565027974&data[responsive]=yes\"><\/script><\/div><\/div>\n\t\t\t\t\t\t<\/div>\n\t\t\t\t<\/div>\n\t\t\t\t<\/div>\n\t\t<div class=\"elementor-element elementor-element-298c662 e-con-full e-flex e-con e-child\" data-id=\"298c662\" data-element_type=\"container\" data-e-type=\"container\">\n\t\t\t\t<div class=\"elementor-element elementor-element-e69e9ac elementor-widget elementor-widget-shortcode\" data-id=\"e69e9ac\" data-element_type=\"widget\" data-e-type=\"widget\" data-widget_type=\"shortcode.default\">\n\t\t\t\t<div class=\"elementor-widget-container\">\n\t\t\t\t\t\t\t<div class=\"elementor-shortcode\"><div id=\"15460646652\"><script type=\"text\/JavaScript\" src=\"https:\/\/www.aparat.com\/embed\/wwbj0c6?data[rnddiv]=15460646652&data[responsive]=yes\"><\/script><\/div><\/div>\n\t\t\t\t\t\t<\/div>\n\t\t\t\t<\/div>\n\t\t\t\t<\/div>\n\t\t\t\t\t<\/div>\n\t\t\t\t<\/div>\n\t\t<div class=\"wd-negative-gap elementor-element elementor-element-e982462 e-flex e-con-boxed e-con e-parent\" data-id=\"e982462\" data-element_type=\"container\" data-e-type=\"container\">\n\t\t\t\t\t<div class=\"e-con-inner\">\n\t\t\t\t<div class=\"elementor-element elementor-element-c879041 elementor-widget elementor-widget-wd_text_block\" data-id=\"c879041\" data-element_type=\"widget\" data-e-type=\"widget\" data-widget_type=\"wd_text_block.default\">\n\t\t\t\t<div class=\"elementor-widget-container\">\n\t\t\t\t\t\t\t<div class=\"wd-text-block reset-last-child text-center\">\n\t\t\t\n\t\t\t<p><span style=\"font-size: 17.0pt; line-height: 106%; font-family: 'Calibri',sans-serif; mso-ascii-theme-font: minor-latin; mso-fareast-font-family: Calibri; mso-fareast-theme-font: minor-latin; mso-hansi-theme-font: minor-latin; mso-bidi-font-family: Arial; mso-bidi-theme-font: minor-bidi; mso-font-kerning: 0pt; mso-ligatures: none; mso-ansi-language: EN-US; mso-fareast-language: EN-US; mso-bidi-language: AR-SA;\">A\u015fa\u011f\u0131daki resim galerisi b\u00f6l\u00fcm\u00fcnden \"Chiller\" \u00fcr\u00fcn\u00fcn\u00fcn \u00e7e\u015fitli b\u00f6l\u00fcmlerini inceleyebilirsiniz<\/span><\/p>\n\t\t\t\t\t<\/div>\n\t\t\t\t\t\t<\/div>\n\t\t\t\t<\/div>\n\t\t\t\t\t<\/div>\n\t\t\t\t<\/div>\n\t\t<div class=\"wd-negative-gap elementor-element elementor-element-a23b58b e-flex e-con-boxed e-con e-parent\" data-id=\"a23b58b\" data-element_type=\"container\" data-e-type=\"container\">\n\t\t\t\t\t<div class=\"e-con-inner\">\n\t\t\t\t<div class=\"elementor-element elementor-element-482f46f elementor-arrows-position-inside elementor-pagination-position-outside elementor-widget elementor-widget-image-carousel\" data-id=\"482f46f\" data-element_type=\"widget\" data-e-type=\"widget\" data-settings=\"{&quot;slides_to_show&quot;:&quot;2&quot;,&quot;navigation&quot;:&quot;both&quot;,&quot;autoplay&quot;:&quot;yes&quot;,&quot;pause_on_hover&quot;:&quot;yes&quot;,&quot;pause_on_interaction&quot;:&quot;yes&quot;,&quot;autoplay_speed&quot;:5000,&quot;infinite&quot;:&quot;yes&quot;,&quot;speed&quot;:500,&quot;image_spacing_custom&quot;:{&quot;unit&quot;:&quot;px&quot;,&quot;size&quot;:20,&quot;sizes&quot;:[]},&quot;image_spacing_custom_laptop&quot;:{&quot;unit&quot;:&quot;px&quot;,&quot;size&quot;:&quot;&quot;,&quot;sizes&quot;:[]},&quot;image_spacing_custom_tablet&quot;:{&quot;unit&quot;:&quot;px&quot;,&quot;size&quot;:&quot;&quot;,&quot;sizes&quot;:[]},&quot;image_spacing_custom_mobile&quot;:{&quot;unit&quot;:&quot;px&quot;,&quot;size&quot;:&quot;&quot;,&quot;sizes&quot;:[]}}\" data-widget_type=\"image-carousel.default\">\n\t\t\t\t<div class=\"elementor-widget-container\">\n\t\t\t\t\t\t\t<div class=\"elementor-image-carousel-wrapper swiper\" role=\"region\" aria-roledescription=\"carousel\" aria-label=\"Resim D\u00f6ng\u00fcs\u00fc\" dir=\"ltr\">\n\t\t\t<div class=\"elementor-image-carousel swiper-wrapper\" aria-live=\"off\">\n\t\t\t\t\t\t\t\t<div class=\"swiper-slide\" role=\"group\" aria-roledescription=\"slide\" aria-label=\"1 \/ 4\"><figure class=\"swiper-slide-inner\"><img decoding=\"async\" class=\"swiper-slide-image\" src=\"https:\/\/orinmakhzan.ir\/wp-content\/uploads\/2023\/11\/5-5-min-1-scaled.webp\" alt=\"\u06af\u06cc\u062c \u0647\u0627\u06cc \u0641\u0634\u0627\u0631 \u0686\u06cc\u0644\u0631\" \/><\/figure><\/div><div class=\"swiper-slide\" role=\"group\" aria-roledescription=\"slide\" aria-label=\"2 \/ 4\"><figure class=\"swiper-slide-inner\"><img decoding=\"async\" class=\"swiper-slide-image\" src=\"https:\/\/orinmakhzan.ir\/wp-content\/uploads\/2023\/11\/6-5-1-scaled.webp\" alt=\"\u06a9\u0645\u067e\u0631\u0633\u0648\u0631 \u0686\u06cc\u0644\u0631\" \/><\/figure><\/div><div class=\"swiper-slide\" role=\"group\" aria-roledescription=\"slide\" aria-label=\"3 \/ 4\"><figure class=\"swiper-slide-inner\"><img decoding=\"async\" class=\"swiper-slide-image\" src=\"https:\/\/orinmakhzan.ir\/wp-content\/uploads\/2023\/11\/7-_4_-min-1-scaled.webp\" alt=\"\u0644\u0648\u0627\u0632\u0645 \u06a9\u0646\u062a\u0631\u0644 \u0686\u06cc\u0644\u0631\" \/><\/figure><\/div><div class=\"swiper-slide\" role=\"group\" aria-roledescription=\"slide\" aria-label=\"4 \/ 4\"><figure class=\"swiper-slide-inner\"><img decoding=\"async\" class=\"swiper-slide-image\" src=\"https:\/\/orinmakhzan.ir\/wp-content\/uploads\/2023\/11\/4-5-min-1-scaled.webp\" alt=\"\u0644\u0648\u0627\u0632\u0645 \u06a9\u0646\u062a\u0631\u0644 \u0686\u06cc\u0644\u0631\" \/><\/figure><\/div>\t\t\t<\/div>\n\t\t\t\t\t\t\t\t\t\t\t\t<div class=\"elementor-swiper-button elementor-swiper-button-prev\" role=\"button\" tabindex=\"0\">\n\t\t\t\t\t\t<i aria-hidden=\"true\" class=\"eicon-chevron-left\"><\/i>\t\t\t\t\t<\/div>\n\t\t\t\t\t<div class=\"elementor-swiper-button elementor-swiper-button-next\" role=\"button\" tabindex=\"0\">\n\t\t\t\t\t\t<i aria-hidden=\"true\" class=\"eicon-chevron-right\"><\/i>\t\t\t\t\t<\/div>\n\t\t\t\t\n\t\t\t\t\t\t\t\t\t<div class=\"swiper-pagination\"><\/div>\n\t\t\t\t\t\t\t\t\t<\/div>\n\t\t\t\t\t\t<\/div>\n\t\t\t\t<\/div>\n\t\t\t\t\t<\/div>\n\t\t\t\t<\/div>\n\t\t\t\t<\/div>\n\t\t","protected":false},"excerpt":{"rendered":"<p><strong>Teknik \u00d6zellikler:<\/strong><\/p>\n<ol>\n<li>\u015easi, in\u015faat \u00e7eli\u011fi veya paslanmaz \u00e7elikten (stainless steel) yap\u0131lm\u0131\u015ft\u0131r.<\/li>\n<li>Kompres\u00f6r, DWM, Bitzer gibi g\u00fcvenilir markalardan se\u00e7ilmi\u015ftir.<\/li>\n<li>Hava so\u011futmal\u0131 kondenserler, yerli kaliteli markalardan temin edilmi\u015ftir.<\/li>\n<li>Operat\u00f6rler, kabuk ve t\u00fcp tipi veya plaka tipi olarak tasarlanm\u0131\u015ft\u0131r.<\/li>\n<li>Kontrol paneline sahiptir.<\/li>\n<\/ol>\n","protected":false},"featured_media":23097,"comment_status":"open","ping_status":"closed","template":"","meta":[],"product_brand":[],"product_cat":[229],"product_tag":[],"class_list":{"0":"post-26473","1":"product","2":"type-product","3":"status-publish","4":"has-post-thumbnail","6":"product_cat-conditioning-system-tr","8":"first","9":"instock","10":"shipping-taxable","11":"product-type-simple"},"_links":{"self":[{"href":"https:\/\/orinmakhzan.ir\/tr\/wp-json\/wp\/v2\/product\/26473","targetHints":{"allow":["GET"]}}],"collection":[{"href":"https:\/\/orinmakhzan.ir\/tr\/wp-json\/wp\/v2\/product"}],"about":[{"href":"https:\/\/orinmakhzan.ir\/tr\/wp-json\/wp\/v2\/types\/product"}],"replies":[{"embeddable":true,"href":"https:\/\/orinmakhzan.ir\/tr\/wp-json\/wp\/v2\/comments?post=26473"}],"version-history":[{"count":5,"href":"https:\/\/orinmakhzan.ir\/tr\/wp-json\/wp\/v2\/product\/26473\/revisions"}],"predecessor-version":[{"id":27148,"href":"https:\/\/orinmakhzan.ir\/tr\/wp-json\/wp\/v2\/product\/26473\/revisions\/27148"}],"wp:featuredmedia":[{"embeddable":true,"href":"https:\/\/orinmakhzan.ir\/tr\/wp-json\/wp\/v2\/media\/23097"}],"wp:attachment":[{"href":"https:\/\/orinmakhzan.ir\/tr\/wp-json\/wp\/v2\/media?parent=26473"}],"wp:term":[{"taxonomy":"product_brand","embeddable":true,"href":"https:\/\/orinmakhzan.ir\/tr\/wp-json\/wp\/v2\/product_brand?post=26473"},{"taxonomy":"product_cat","embeddable":true,"href":"https:\/\/orinmakhzan.ir\/tr\/wp-json\/wp\/v2\/product_cat?post=26473"},{"taxonomy":"product_tag","embeddable":true,"href":"https:\/\/orinmakhzan.ir\/tr\/wp-json\/wp\/v2\/product_tag?post=26473"}],"curies":[{"name":"wp","href":"https:\/\/api.w.org\/{rel}","templated":true}]}}