{"id":26469,"date":"2023-12-26T14:24:59","date_gmt":"2023-12-26T10:54:59","guid":{"rendered":"https:\/\/orinmakhzan.ir\/product\/ltltkesikli-yontem-yavas-pastorizasyon\/"},"modified":"2025-01-28T15:02:26","modified_gmt":"2025-01-28T11:32:26","slug":"slow-pasteurizer","status":"publish","type":"product","link":"https:\/\/orinmakhzan.ir\/tr\/urun\/slow-pasteurizer\/","title":{"rendered":"LTLT(Kesikli y\u00f6ntem, yava\u015f) Past\u00f6rizasyon"},"content":{"rendered":"\t\t<div data-elementor-type=\"product-post\" data-elementor-id=\"26469\" class=\"elementor elementor-26469 elementor-17383\" data-elementor-post-type=\"product\">\n\t\t\t\t<div class=\"wd-negative-gap elementor-element elementor-element-c1c45ae e-flex e-con-boxed e-con e-parent\" data-id=\"c1c45ae\" data-element_type=\"container\" data-e-type=\"container\">\n\t\t\t\t\t<div class=\"e-con-inner\">\n\t\t<div class=\"elementor-element elementor-element-8ec9380 e-con-full e-flex e-con e-child\" data-id=\"8ec9380\" data-element_type=\"container\" data-e-type=\"container\">\n\t\t\t\t<div class=\"elementor-element elementor-element-0e14a05 elementor-widget elementor-widget-heading\" data-id=\"0e14a05\" data-element_type=\"widget\" data-e-type=\"widget\" data-widget_type=\"heading.default\">\n\t\t\t\t<div class=\"elementor-widget-container\">\n\t\t\t\t\t<h2 class=\"elementor-heading-title elementor-size-default\">Orin Makhzan LTLT(Kesikli y\u00f6ntem, yava\u015f) Past\u00f6rizasyon ve Avantajlar\u0131<\/h2>\t\t\t\t<\/div>\n\t\t\t\t<\/div>\n\t\t\t\t<div class=\"elementor-element elementor-element-a631493 elementor-widget elementor-widget-wd_text_block\" data-id=\"a631493\" data-element_type=\"widget\" data-e-type=\"widget\" data-widget_type=\"wd_text_block.default\">\n\t\t\t\t<div class=\"elementor-widget-container\">\n\t\t\t\t\t\t\t<div class=\"wd-text-block reset-last-child text-right\">\n\t\t\t\n\t\t\t<p style=\"text-align: justify;\">LTLT past\u00f6rizasyon y\u00f6ntemi, s\u00fct\u00fcn 63 \u00b0C'ye \u0131s\u0131nd\u0131\u011f\u0131 ve 30 dakika bu s\u0131cakl\u0131kta tutuldu\u011fu bir past\u00f6rizasyon y\u00f6ntemidir. Bu y\u00f6ntem, 250'den az sa\u011dmal ine\u011fi olan \u00e7iftliklerde ekonomik olarak \u00f6nerilmektedir \u00e7\u00fcnk\u00fc Orin Makhzan'\u0131n past\u00f6rizasyon cihaz\u0131, 4 i\u015flemi bir arada ger\u00e7ekle\u015ftirebilir: past\u00f6rizasyon, s\u00fct\u00fc s\u0131cak tutma, s\u00fct ta\u015f\u0131mac\u0131l\u0131\u011f\u0131 ve otomatik bo\u015faltma. Bu cihaz\u0131n ta\u015f\u0131nmas\u0131n\u0131n kolay olmas\u0131 da \u00f6nemli bir avantajd\u0131r; ayr\u0131ca, \u0131s\u0131l yal\u0131t\u0131m\u0131 sayesinde s\u00fct, hedeflenen s\u0131cakl\u0131kta buza\u011f\u0131lara ula\u015ft\u0131r\u0131labilir. S\u00fct \u00e7iftli\u011fi y\u00f6neticisi, buza\u011f\u0131lara verilen s\u00fct\u00fcn s\u0131cakl\u0131\u011f\u0131n\u0131 ve miktar\u0131n\u0131 ayarlayabilir ve cihaz\u0131n t\u00fcm faaliyetleri y\u00f6neticinin iste\u011fine g\u00f6re yap\u0131l\u0131r. Bu, ishalin azalmas\u0131na ve buza\u011f\u0131lar\u0131n t\u00fcketti\u011fi yem miktar\u0131ndaki de\u011fi\u015fikliklerin d\u00fc\u015fmesine yol a\u00e7ar, bu da g\u00fcnl\u00fck a\u011f\u0131rl\u0131k art\u0131\u015f\u0131n\u0131 (ADG) y\u00fckseltir.<\/p>\n\t\t\t\t\t<\/div>\n\t\t\t\t\t\t<\/div>\n\t\t\t\t<\/div>\n\t\t\t\t<\/div>\n\t\t<div class=\"elementor-element elementor-element-7452847 e-con-full e-flex e-con e-child\" data-id=\"7452847\" data-element_type=\"container\" data-e-type=\"container\">\n\t\t\t\t<div class=\"elementor-element elementor-element-c640252 elementor-widget elementor-widget-shortcode\" data-id=\"c640252\" data-element_type=\"widget\" data-e-type=\"widget\" data-widget_type=\"shortcode.default\">\n\t\t\t\t<div class=\"elementor-widget-container\">\n\t\t\t\t\t\t\t<div class=\"elementor-shortcode\"><div id=\"13536197892\"><script type=\"text\/JavaScript\" src=\"https:\/\/www.aparat.com\/embed\/bpffiuk?data[rnddiv]=13536197892&data[responsive]=yes\"><\/script><\/div><\/div>\n\t\t\t\t\t\t<\/div>\n\t\t\t\t<\/div>\n\t\t\t\t<\/div>\n\t\t\t\t\t<\/div>\n\t\t\t\t<\/div>\n\t\t<div class=\"wd-negative-gap elementor-element elementor-element-0e02955 e-flex e-con-boxed e-con e-parent\" data-id=\"0e02955\" data-element_type=\"container\" data-e-type=\"container\">\n\t\t\t\t\t<div class=\"e-con-inner\">\n\t\t\t\t<div class=\"elementor-element elementor-element-3e832e3 elementor-arrows-position-inside elementor-pagination-position-outside elementor-widget elementor-widget-image-carousel\" data-id=\"3e832e3\" data-element_type=\"widget\" data-e-type=\"widget\" data-settings=\"{&quot;slides_to_show&quot;:&quot;2&quot;,&quot;autoplay_speed&quot;:2000,&quot;navigation&quot;:&quot;both&quot;,&quot;autoplay&quot;:&quot;yes&quot;,&quot;pause_on_hover&quot;:&quot;yes&quot;,&quot;pause_on_interaction&quot;:&quot;yes&quot;,&quot;infinite&quot;:&quot;yes&quot;,&quot;speed&quot;:500,&quot;image_spacing_custom&quot;:{&quot;unit&quot;:&quot;px&quot;,&quot;size&quot;:20,&quot;sizes&quot;:[]},&quot;image_spacing_custom_laptop&quot;:{&quot;unit&quot;:&quot;px&quot;,&quot;size&quot;:&quot;&quot;,&quot;sizes&quot;:[]},&quot;image_spacing_custom_tablet&quot;:{&quot;unit&quot;:&quot;px&quot;,&quot;size&quot;:&quot;&quot;,&quot;sizes&quot;:[]},&quot;image_spacing_custom_mobile&quot;:{&quot;unit&quot;:&quot;px&quot;,&quot;size&quot;:&quot;&quot;,&quot;sizes&quot;:[]}}\" data-widget_type=\"image-carousel.default\">\n\t\t\t\t<div class=\"elementor-widget-container\">\n\t\t\t\t\t\t\t<div class=\"elementor-image-carousel-wrapper swiper\" role=\"region\" aria-roledescription=\"carousel\" aria-label=\"Resim D\u00f6ng\u00fcs\u00fc\" dir=\"ltr\">\n\t\t\t<div class=\"elementor-image-carousel swiper-wrapper\" aria-live=\"off\">\n\t\t\t\t\t\t\t\t<div class=\"swiper-slide\" role=\"group\" aria-roledescription=\"slide\" aria-label=\"1 \/ 5\"><figure class=\"swiper-slide-inner\"><img decoding=\"async\" class=\"swiper-slide-image\" src=\"https:\/\/orinmakhzan.ir\/wp-content\/uploads\/2023\/12\/8-_1_-min-scaled.webp\" alt=\"\u0647\u0645\u0632\u0646 \u0645\u062d\u0641\u0638\u0647 \u0634\u06cc\u0631 \u067e\u0627\u0633\u062a\u0648\u0631\u0627\u062a\u0648\u0631 \u06a9\u0646\u062f\" \/><\/figure><\/div><div class=\"swiper-slide\" role=\"group\" aria-roledescription=\"slide\" aria-label=\"2 \/ 5\"><figure class=\"swiper-slide-inner\"><img decoding=\"async\" class=\"swiper-slide-image\" src=\"https:\/\/orinmakhzan.ir\/wp-content\/uploads\/2023\/12\/7-1-scaled.webp\" alt=\"\u062f\u0631\u06cc\u0686\u0647 \u0628\u0627\u0632\u062f\u06cc\u062f \u0645\u062d\u0641\u0638\u0647 \u067e\u0627\u0633\u062a\u0648\u0631\u0627\u062a\u0648\u0631 \u06a9\u0646\u062f\" \/><\/figure><\/div><div class=\"swiper-slide\" role=\"group\" aria-roledescription=\"slide\" aria-label=\"3 \/ 5\"><figure class=\"swiper-slide-inner\"><img decoding=\"async\" class=\"swiper-slide-image\" src=\"https:\/\/orinmakhzan.ir\/wp-content\/uploads\/2023\/12\/4-2-min-scaled.webp\" alt=\"\u0634\u06cc\u0631 \u062a\u062e\u0644\u06cc\u0647 \u067e\u0627\u0633\u062a\u0648\u0631\u0627\u062a\u0648\u0631 \u06a9\u0646\u062f\" \/><\/figure><\/div><div class=\"swiper-slide\" role=\"group\" aria-roledescription=\"slide\" aria-label=\"4 \/ 5\"><figure class=\"swiper-slide-inner\"><img decoding=\"async\" class=\"swiper-slide-image\" src=\"https:\/\/orinmakhzan.ir\/wp-content\/uploads\/2023\/12\/5-2-min-scaled.webp\" alt=\"\u0645\u06a9\u0627\u0646\u06cc\u0632\u0645 \u0644\u06cc\u062a\u0631\u0627\u0698 \u067e\u0627\u0633\u062a\u0648\u0631\u0627\u062a\u0648\u0631 \u06a9\u0646\u062f\" \/><\/figure><\/div><div class=\"swiper-slide\" role=\"group\" aria-roledescription=\"slide\" aria-label=\"5 \/ 5\"><figure class=\"swiper-slide-inner\"><img decoding=\"async\" class=\"swiper-slide-image\" src=\"https:\/\/orinmakhzan.ir\/wp-content\/uploads\/2023\/12\/6-2-min-scaled.webp\" alt=\"\u067e\u0646\u0644 \u062a\u0646\u0638\u06cc\u0645 \u062f\u0645\u0627 \u067e\u0627\u0633\u062a\u0648\u0631\u0627\u062a\u0648\u0631 \u06a9\u0646\u062f\" \/><\/figure><\/div>\t\t\t<\/div>\n\t\t\t\t\t\t\t\t\t\t\t\t<div class=\"elementor-swiper-button elementor-swiper-button-prev\" role=\"button\" tabindex=\"0\">\n\t\t\t\t\t\t<i aria-hidden=\"true\" class=\"eicon-chevron-left\"><\/i>\t\t\t\t\t<\/div>\n\t\t\t\t\t<div class=\"elementor-swiper-button elementor-swiper-button-next\" role=\"button\" tabindex=\"0\">\n\t\t\t\t\t\t<i aria-hidden=\"true\" class=\"eicon-chevron-right\"><\/i>\t\t\t\t\t<\/div>\n\t\t\t\t\n\t\t\t\t\t\t\t\t\t<div class=\"swiper-pagination\"><\/div>\n\t\t\t\t\t\t\t\t\t<\/div>\n\t\t\t\t\t\t<\/div>\n\t\t\t\t<\/div>\n\t\t\t\t\t<\/div>\n\t\t\t\t<\/div>\n\t\t<div class=\"wd-negative-gap elementor-element elementor-element-eb4b156 e-flex e-con-boxed e-con e-parent\" data-id=\"eb4b156\" data-element_type=\"container\" data-e-type=\"container\">\n\t\t\t\t\t<div class=\"e-con-inner\">\n\t\t<div class=\"elementor-element elementor-element-3efe88c e-con-full e-flex e-con e-child\" data-id=\"3efe88c\" data-element_type=\"container\" data-e-type=\"container\">\n\t\t\t\t<div class=\"elementor-element elementor-element-46081a2 elementor-widget elementor-widget-shortcode\" data-id=\"46081a2\" data-element_type=\"widget\" data-e-type=\"widget\" data-widget_type=\"shortcode.default\">\n\t\t\t\t<div class=\"elementor-widget-container\">\n\t\t\t\t\t\t\t<div class=\"elementor-shortcode\"><div id=\"73692993966\"><script type=\"text\/JavaScript\" src=\"https:\/\/www.aparat.com\/embed\/lssc0l9?data[rnddiv]=73692993966&data[responsive]=yes\"><\/script><\/div><\/div>\n\t\t\t\t\t\t<\/div>\n\t\t\t\t<\/div>\n\t\t\t\t<\/div>\n\t\t<div class=\"elementor-element elementor-element-92f2b9b e-con-full e-flex e-con e-child\" data-id=\"92f2b9b\" data-element_type=\"container\" data-e-type=\"container\">\n\t\t\t\t<div class=\"elementor-element elementor-element-f0bd7e5 elementor-widget elementor-widget-wd_text_block\" data-id=\"f0bd7e5\" data-element_type=\"widget\" data-e-type=\"widget\" data-widget_type=\"wd_text_block.default\">\n\t\t\t\t<div class=\"elementor-widget-container\">\n\t\t\t\t\t\t\t<div class=\"wd-text-block reset-last-child text-right\">\n\t\t\t\n\t\t\t<p style=\"text-align: justify;\">Ayr\u0131ca, bu cihaz\u0131n i\u00e7inde yer alan bir kar\u0131\u015ft\u0131r\u0131c\u0131, s\u00fct\u00fcn e\u015fit \u015fekilde \u0131s\u0131nmas\u0131n\u0131 sa\u011flar ve eklenen katk\u0131 maddeleri s\u00fctte homojen \u015fekilde \u00e7\u00f6z\u00fcl\u00fcr. Di\u011fer bir avantaj\u0131, bu cihaz\u0131n past\u00f6rizasyon i\u015flemi s\u0131ras\u0131nda su israf\u0131 yapmamas\u0131d\u0131r. Orin Makhzan'\u0131n past\u00f6rizasyon cihaz\u0131, m\u00fc\u015fteri tercihlerine g\u00f6re \u00fcretilir ve maksimum 200 litre s\u00fct kapasitesine sahiptir. Cihaz\u0131n temizli\u011fi manuel olarak yap\u0131labilir ve cihaz\u0131n kapa\u011f\u0131 tamamen a\u00e7\u0131labildi\u011fi i\u00e7in temizli\u011fi olduk\u00e7a kolayd\u0131r.<\/p>\n\t\t\t\t\t<\/div>\n\t\t\t\t\t\t<\/div>\n\t\t\t\t<\/div>\n\t\t\t\t<\/div>\n\t\t\t\t\t<\/div>\n\t\t\t\t<\/div>\n\t\t\t\t<\/div>\n\t\t","protected":false},"excerpt":{"rendered":"<p><strong>Teknik \u00d6zellikler:<\/strong><\/p>\n<p>1-T\u00fcm temas y\u00fczeyleri A3.4 veya A316 paslanmaz \u00e7elikten yap\u0131lm\u0131\u015ft\u0131r.<\/p>\n<p>2-So\u011futma \u00fcnitesine sahip<\/p>\n<p>3-Plaka tipi \u0131s\u0131 de\u011fi\u015ftiriciye sahip<\/p>\n<p>4-Gazl\u0131 veya elektrikli \u0131s\u0131t\u0131c\u0131ya sahip<\/p>\n<p>5-Uygun boyutlar<\/p>\n<p>6-Kolay temizlik<\/p>\n<p>7-Verimli kullan\u0131m<\/p>\n<p>8-Minimum so\u011futma kapasitesi: 1 ton so\u011futma<\/p>\n<p>9-Minimum s\u00fct kapasitesi: 20 litre<\/p>\n<p>10-Kovan\u0131n d\u0131\u015f y\u00fczeyi A304 paslanmaz \u00e7elik levha ile kaplanm\u0131\u015ft\u0131r.<\/p>\n<p>11-Dondurucu su s\u0131cakl\u0131\u011f\u0131: 2\u00b0C<\/p>\n<p>12-Poli\u00fcretan \u0131s\u0131 yal\u0131t\u0131m\u0131<\/p>\n","protected":false},"featured_media":23113,"comment_status":"open","ping_status":"closed","template":"","meta":[],"product_brand":[],"product_cat":[228],"product_tag":[232],"class_list":{"0":"post-26469","1":"product","2":"type-product","3":"status-publish","4":"has-post-thumbnail","6":"product_cat-pasteurizer-tr","7":"product_tag-sut-pastorizasyon-makinesi","9":"first","10":"instock","11":"shipping-taxable","12":"product-type-simple"},"_links":{"self":[{"href":"https:\/\/orinmakhzan.ir\/tr\/wp-json\/wp\/v2\/product\/26469","targetHints":{"allow":["GET"]}}],"collection":[{"href":"https:\/\/orinmakhzan.ir\/tr\/wp-json\/wp\/v2\/product"}],"about":[{"href":"https:\/\/orinmakhzan.ir\/tr\/wp-json\/wp\/v2\/types\/product"}],"replies":[{"embeddable":true,"href":"https:\/\/orinmakhzan.ir\/tr\/wp-json\/wp\/v2\/comments?post=26469"}],"version-history":[{"count":5,"href":"https:\/\/orinmakhzan.ir\/tr\/wp-json\/wp\/v2\/product\/26469\/revisions"}],"predecessor-version":[{"id":27116,"href":"https:\/\/orinmakhzan.ir\/tr\/wp-json\/wp\/v2\/product\/26469\/revisions\/27116"}],"wp:featuredmedia":[{"embeddable":true,"href":"https:\/\/orinmakhzan.ir\/tr\/wp-json\/wp\/v2\/media\/23113"}],"wp:attachment":[{"href":"https:\/\/orinmakhzan.ir\/tr\/wp-json\/wp\/v2\/media?parent=26469"}],"wp:term":[{"taxonomy":"product_brand","embeddable":true,"href":"https:\/\/orinmakhzan.ir\/tr\/wp-json\/wp\/v2\/product_brand?post=26469"},{"taxonomy":"product_cat","embeddable":true,"href":"https:\/\/orinmakhzan.ir\/tr\/wp-json\/wp\/v2\/product_cat?post=26469"},{"taxonomy":"product_tag","embeddable":true,"href":"https:\/\/orinmakhzan.ir\/tr\/wp-json\/wp\/v2\/product_tag?post=26469"}],"curies":[{"name":"wp","href":"https:\/\/api.w.org\/{rel}","templated":true}]}}