{"id":26417,"date":"2023-11-16T20:40:00","date_gmt":"2023-11-16T17:10:00","guid":{"rendered":"https:\/\/orinmakhzan.ir\/product\/tahil-ogutme-makinesi\/"},"modified":"2025-01-28T15:27:45","modified_gmt":"2025-01-28T11:57:45","slug":"fodder-mill","status":"publish","type":"product","link":"https:\/\/orinmakhzan.ir\/tr\/urun\/fodder-mill\/","title":{"rendered":"Tah\u0131l \u00d6\u011f\u00fctme Makinesi"},"content":{"rendered":"\t\t<div data-elementor-type=\"product-post\" data-elementor-id=\"26417\" class=\"elementor elementor-26417 elementor-15752\" data-elementor-post-type=\"product\">\n\t\t\t\t<div class=\"wd-negative-gap elementor-element elementor-element-11d3bbd6 e-flex e-con-boxed e-con e-parent\" data-id=\"11d3bbd6\" data-element_type=\"container\" data-e-type=\"container\">\n\t\t\t\t\t<div class=\"e-con-inner\">\n\t\t\t\t<div class=\"elementor-element elementor-element-1d60fc1b color-scheme-inherit text-left elementor-widget elementor-widget-text-editor\" data-id=\"1d60fc1b\" data-element_type=\"widget\" data-e-type=\"widget\" data-widget_type=\"text-editor.default\">\n\t\t\t\t<div class=\"elementor-widget-container\">\n\t\t\t\t\t\t\t\t\t<h2 dir=\"auto\" style=\"text-align: justify;\"><strong><span style=\"color: #000000;\"><span class=\"update_text_message_content_text\">S\u00fct S\u0131\u011f\u0131r\u0131 Beslemesinde Tah\u0131l \u00d6\u011f\u00fct\u00fcc\u00fcs\u00fcn\u00fcn Kullan\u0131m\u0131n\u0131n Etkisi:<\/span><\/span><\/strong><\/h2><div style=\"text-align: justify;\">\u00a0<\/div><div dir=\"auto\" style=\"text-align: justify;\"><strong>Sindirim Yetene\u011finin Artmas\u0131:<\/strong><\/div><div dir=\"auto\" style=\"text-align: justify;\"><strong>Temas Y\u00fczeyinin Artmas\u0131:<\/strong> Tah\u0131llar\u0131n \u00f6\u011f\u00fct\u00fclmesi, mikroorganizmalarla temas y\u00fczeyini \u00f6nemli \u00f6l\u00e7\u00fcde art\u0131r\u0131r. Bu durum, mikrobiyal yerle\u015fim verimlili\u011fini ve <strong>ni\u015fastan\u0131n ayr\u0131\u015fmas\u0131n\u0131 art\u0131r\u0131r.<\/strong><\/div><div dir=\"auto\" style=\"text-align: justify;\"><strong>Par\u00e7a Boyutunun K\u00fc\u00e7\u00fclmesi:<\/strong> K\u00fc\u00e7\u00fck par\u00e7alar, daha kolay \u015fekilde rumende fermente olur, bu da daha h\u0131zl\u0131 ve tam sindirime yol a\u00e7ar.<\/div><div dir=\"auto\" style=\"text-align: justify;\"><strong>Yem Verimlili\u011finin Artmas\u0131:<\/strong><\/div><div dir=\"auto\" style=\"text-align: justify;\"><strong>Besin Maddelerinin Daha H\u0131zl\u0131 Emilimi:<\/strong> Sindirim yetene\u011finin artmas\u0131, besin maddelerinin daha h\u0131zl\u0131 emilmesi anlam\u0131na gelir ve ineklerin yemden daha verimli bir \u015fekilde faydalanmas\u0131na olanak tan\u0131r.<\/div><div dir=\"auto\" style=\"text-align: justify;\"><strong>Yem At\u0131klar\u0131n\u0131n Azalmas\u0131:<\/strong> Sindirilmeyen maddeler, sindirim sisteminden daha az ge\u00e7er ve yem at\u0131klar\u0131 minimuma indirilir.<\/div><div dir=\"auto\" style=\"text-align: justify;\"><strong>S\u00fct \u00dcretiminin Artmas\u0131:<\/strong><\/div><div dir=\"auto\" style=\"text-align: justify;\"><strong>Enerji Eri\u015filebilirli\u011finin Artmas\u0131:<\/strong> \u00d6\u011f\u00fct\u00fclm\u00fc\u015f tah\u0131llar, s\u00fct \u00fcretimi i\u00e7in kolayca eri\u015filebilen enerji kaynaklar\u0131 sa\u011flar ve bu, daha verimli s\u00fct \u00fcretimine <strong>katk\u0131 sa\u011flar.<\/strong><\/div><div dir=\"auto\" style=\"text-align: justify;\"><strong>Yem T\u00fcketiminin Artmas\u0131:<\/strong> \u00d6\u011f\u00fctme nedeniyle yem lezzetinin artmas\u0131, yem t\u00fcketimini art\u0131rabilir ve bu da s\u00fct \u00fcretiminde art\u0131\u015fa yol a\u00e7ar.<\/div><div dir=\"auto\" style=\"text-align: justify;\"><strong>Asidoz Riski Azalmas\u0131:<\/strong><\/div><div dir=\"auto\" style=\"text-align: justify;\"><strong>Ni\u015fasta Sal\u0131n\u0131m\u0131n\u0131n Kontrol\u00fc:<\/strong> Uygun \u00f6\u011f\u00fctme teknikleri, rumende ni\u015fasta sal\u0131n\u0131m h\u0131z\u0131n\u0131 kontrol etmeye yard\u0131mc\u0131 olabilir ve asidoz (a\u015f\u0131r\u0131 asit \u00fcretiminden kaynaklanan metabolik bozukluk) riskini azalt\u0131r.<\/div><div dir=\"auto\" style=\"text-align: justify;\">Orin Makhzan \u00c7eki\u00e7li \u00d6\u011f\u00fct\u00fcc\u00fcs\u00fcn\u00fcn i\u015fleyi\u015fi ve bak\u0131m\u0131 olduk\u00e7a basittir. Farkl\u0131 boyutlarda \u00fcr\u00fcn elde etmek i\u00e7in sadece elek boyutunu (daha b\u00fcy\u00fck veya daha k\u00fc\u00e7\u00fck) de\u011fi\u015ftirmeniz yeterlidir. E\u011fer \u00e7eki\u00e7lerin onar\u0131m\u0131 veya de\u011fi\u015fimi gerekiyorsa, hazneyi a\u00e7\u0131p istenen bir veya iki \u00e7eki\u00e7 de\u011fi\u015ftirilebilir<\/div>\t\t\t\t\t\t\t\t<\/div>\n\t\t\t\t<\/div>\n\t\t\t\t\t<\/div>\n\t\t\t\t<\/div>\n\t\t\t\t<\/div>\n\t\t","protected":false},"excerpt":{"rendered":"<p>Teknik \u00d6zellikler:<\/p>\n<p>1-G\u00f6vde: Yayg\u0131n makina \u00e7eliklerinden yap\u0131lm\u0131\u015ft\u0131r.<\/p>\n<p>2-B\u0131\u00e7aklar: A\u015f\u0131nmaya dayan\u0131kl\u0131 \u00e7elikten \u00fcretilmi\u015ftir.<\/p>\n<p>3-Uygun bir elektrikli motora sahiptir.<\/p>\n<p>4-Yem giri\u015fi mevcuttur.<\/p>\n<p>5-\u00c7\u0131k\u0131\u015f\u0131 vard\u0131r.<\/p>\n<p>6-Kolay hareket i\u00e7in tekerleklere sahiptir.<\/p>\n","protected":false},"featured_media":23287,"comment_status":"open","ping_status":"closed","template":"","meta":[],"product_brand":[],"product_cat":[224],"product_tag":[],"class_list":{"0":"post-26417","1":"product","2":"type-product","3":"status-publish","4":"has-post-thumbnail","6":"product_cat-husbandry-machines-tr","8":"first","9":"instock","10":"shipping-taxable","11":"product-type-simple"},"_links":{"self":[{"href":"https:\/\/orinmakhzan.ir\/tr\/wp-json\/wp\/v2\/product\/26417","targetHints":{"allow":["GET"]}}],"collection":[{"href":"https:\/\/orinmakhzan.ir\/tr\/wp-json\/wp\/v2\/product"}],"about":[{"href":"https:\/\/orinmakhzan.ir\/tr\/wp-json\/wp\/v2\/types\/product"}],"replies":[{"embeddable":true,"href":"https:\/\/orinmakhzan.ir\/tr\/wp-json\/wp\/v2\/comments?post=26417"}],"version-history":[{"count":5,"href":"https:\/\/orinmakhzan.ir\/tr\/wp-json\/wp\/v2\/product\/26417\/revisions"}],"predecessor-version":[{"id":27134,"href":"https:\/\/orinmakhzan.ir\/tr\/wp-json\/wp\/v2\/product\/26417\/revisions\/27134"}],"wp:featuredmedia":[{"embeddable":true,"href":"https:\/\/orinmakhzan.ir\/tr\/wp-json\/wp\/v2\/media\/23287"}],"wp:attachment":[{"href":"https:\/\/orinmakhzan.ir\/tr\/wp-json\/wp\/v2\/media?parent=26417"}],"wp:term":[{"taxonomy":"product_brand","embeddable":true,"href":"https:\/\/orinmakhzan.ir\/tr\/wp-json\/wp\/v2\/product_brand?post=26417"},{"taxonomy":"product_cat","embeddable":true,"href":"https:\/\/orinmakhzan.ir\/tr\/wp-json\/wp\/v2\/product_cat?post=26417"},{"taxonomy":"product_tag","embeddable":true,"href":"https:\/\/orinmakhzan.ir\/tr\/wp-json\/wp\/v2\/product_tag?post=26417"}],"curies":[{"name":"wp","href":"https:\/\/api.w.org\/{rel}","templated":true}]}}