{"id":26566,"date":"2024-02-28T10:19:25","date_gmt":"2024-02-28T06:49:25","guid":{"rendered":"https:\/\/orinmakhzan.ir\/diger-endustriler\/"},"modified":"2025-01-26T10:19:51","modified_gmt":"2025-01-26T06:49:51","slug":"diger-endustriler","status":"publish","type":"page","link":"https:\/\/orinmakhzan.ir\/tr\/diger-endustriler\/","title":{"rendered":"Di\u011fer End\u00fcstriler"},"content":{"rendered":"<h1 dir=\"ltr\" style=\"text-align: center;\">Yenilik ve verimlilik d\u00fcnyas\u0131na ho\u015f geldiniz.<\/h1>\n<h3 style=\"text-align: center;\">Orin Makhzan \u015eirketi, g\u0131da, kimya, ila\u00e7 ve petrokimya end\u00fcstrilerinde ekipman ve makineler \u00fcretiminde liderdir. Bu markan\u0131n \u00fcr\u00fcnleri, her end\u00fcstri kategorisinde y\u00fcksek teknolojiler ve standartlarla \u00fcretilir, verimlili\u011fi ve \u00fcretim etkinli\u011fini art\u0131rmay\u0131 hedefler.<\/h3>\n<p><strong>G\u0131da End\u00fcstrileri Kategorisinde:<\/strong><\/p>\n<p><strong>1-Peynir Yap\u0131m Cihaz\u0131:<\/strong><\/p>\n<p>Bu cihaz sayesinde y\u00fcksek kaliteli ve ideal peynir \u00fcretimini deneyimleyebilirsiniz.<\/p>\n<p><strong>2-Tereya\u011f\u0131 \u00dcretim Cihaz\u0131:<\/strong><\/p>\n<p>G\u0131da end\u00fcstrisinde m\u00fckemmel ve hijyenik tereya\u011f\u0131 \u00fcretimi i\u00e7in kullan\u0131l\u0131r.<\/p>\n<p><strong>Kimya End\u00fcstrileri Kategorisinde:<\/strong><\/p>\n<ul>\n<li><strong>So\u011futma \u00dcnitesi:<\/strong><\/li>\n<\/ul>\n<p>Kimya end\u00fcstrilerinde malzemelerin y\u00fcksek verimlilikle so\u011futulmas\u0131 i\u00e7in tasarlanm\u0131\u015ft\u0131r.<\/p>\n<ul>\n<li><strong>Asit Havuzu:<\/strong><\/li>\n<\/ul>\n<p>Kimya end\u00fcstrilerindeki asitlerin g\u00fcvenli bir \u015fekilde depolanmas\u0131 ve y\u00f6netilmesi i\u00e7in kullan\u0131l\u0131r.<\/p>\n<ul>\n<li><strong>End\u00fcstriyel Bobin:<\/strong><\/li>\n<\/ul>\n<p>Bu bobinler, kimya end\u00fcstrilerinde \u0131s\u0131n\u0131n en verimli \u015fekilde y\u00f6netilmesine olanak sa\u011flar.<\/p>\n<ul>\n<li><strong>Paslanmaz \u00c7elik Reakt\u00f6r Tank\u0131:<\/strong><\/li>\n<\/ul>\n<p>Paslanmaz \u00e7elik reakt\u00f6r tank\u0131, kimyasal s\u00fcre\u00e7lerin en iyi \u015fekilde ger\u00e7ekle\u015ftirilmesini sa\u011flar.<\/p>\n<p><strong>\u0130la\u00e7 End\u00fcstrileri Kategorisinde:<\/strong><\/p>\n<ul>\n<li><strong>\u0130la\u00e7 Tank\u0131:<\/strong><\/li>\n<\/ul>\n<p>\u0130la\u00e7 end\u00fcstrisinde, hassas ve de\u011ferli ila\u00e7lar\u0131n g\u00fcvenli bir \u015fekilde depolanmas\u0131 ve korunmas\u0131 i\u00e7in kullan\u0131l\u0131r.<\/p>\n<p><strong>Petrokimya End\u00fcstrileri Kategorisinde:<\/strong><\/p>\n<ul>\n<li><strong>Parafin Eritme Cihaz\u0131:<\/strong><\/li>\n<\/ul>\n<p>Petrokimya end\u00fcstrisinde y\u00fcksek kaliteli parafin \u00fcretimi i\u00e7in kullan\u0131l\u0131r.<\/p>\n<ul>\n<li><strong>Hopper Cihaz\u0131:<\/strong><\/li>\n<\/ul>\n<p>Petrokimya end\u00fcstrilerinde malzeme ta\u015f\u0131ma ve depolama i\u00e7in kullan\u0131l\u0131r.<\/p>\n<ul>\n<li><strong>Vibrat\u00f6r Cihaz\u0131:<\/strong><\/li>\n<\/ul>\n<p>Petrokimya end\u00fcstrisindeki s\u00fcre\u00e7lerde ayr\u0131\u015ft\u0131rma ve titre\u015fim yaratma i\u00e7in kullan\u0131lan bir ara\u00e7t\u0131r.<\/p>\n<ul>\n<li><strong>Siklon Cihaz\u0131:<\/strong><\/li>\n<\/ul>\n<p>Petrokimya end\u00fcstrilerinde par\u00e7ac\u0131klar\u0131n ve maddelerin ayr\u0131\u015ft\u0131r\u0131lmas\u0131 i\u00e7in kullan\u0131l\u0131r.<\/p>\n\n<p><\/p>\n","protected":false},"excerpt":{"rendered":"<p>Yenilik ve verimlilik d\u00fcnyas\u0131na ho\u015f geldiniz. Orin Makhzan \u015eirketi, g\u0131da, kimya, ila\u00e7 ve petrokimya end\u00fcstrilerinde ekipman ve makineler \u00fcretiminde liderdir.<\/p>\n","protected":false},"author":1,"featured_media":0,"parent":0,"menu_order":0,"comment_status":"closed","ping_status":"closed","template":"","meta":{"footnotes":""},"class_list":["post-26566","page","type-page","status-publish","hentry"],"_links":{"self":[{"href":"https:\/\/orinmakhzan.ir\/tr\/wp-json\/wp\/v2\/pages\/26566","targetHints":{"allow":["GET"]}}],"collection":[{"href":"https:\/\/orinmakhzan.ir\/tr\/wp-json\/wp\/v2\/pages"}],"about":[{"href":"https:\/\/orinmakhzan.ir\/tr\/wp-json\/wp\/v2\/types\/page"}],"author":[{"embeddable":true,"href":"https:\/\/orinmakhzan.ir\/tr\/wp-json\/wp\/v2\/users\/1"}],"replies":[{"embeddable":true,"href":"https:\/\/orinmakhzan.ir\/tr\/wp-json\/wp\/v2\/comments?post=26566"}],"version-history":[{"count":1,"href":"https:\/\/orinmakhzan.ir\/tr\/wp-json\/wp\/v2\/pages\/26566\/revisions"}],"predecessor-version":[{"id":26567,"href":"https:\/\/orinmakhzan.ir\/tr\/wp-json\/wp\/v2\/pages\/26566\/revisions\/26567"}],"wp:attachment":[{"href":"https:\/\/orinmakhzan.ir\/tr\/wp-json\/wp\/v2\/media?parent=26566"}],"curies":[{"name":"wp","href":"https:\/\/api.w.org\/{rel}","templated":true}]}}