{"id":26513,"date":"2023-11-18T09:05:13","date_gmt":"2023-11-18T05:35:13","guid":{"rendered":"https:\/\/orinmakhzan.ir\/%da%a9%d8%a7%d8%aa%d8%a7%d9%84%d9%88%da%af-%d9%85%d8%ad%d8%b5%d9%88%d9%84%d8%a7%d8%aa-%d8%a7%d9%88%d8%b1%db%8c%d9%86-%d9%85%d8%ae%d8%b2%d9%86\/"},"modified":"2025-02-01T16:14:25","modified_gmt":"2025-02-01T12:44:25","slug":"catalog","status":"publish","type":"page","link":"https:\/\/orinmakhzan.ir\/tr\/catalog\/","title":{"rendered":"\u00dcr\u00fcn Katalo\u011fu"},"content":{"rendered":"\t\t<div data-elementor-type=\"wp-page\" data-elementor-id=\"26513\" class=\"elementor elementor-26513 elementor-16081\" data-elementor-post-type=\"page\">\n\t\t\t\t<div class=\"elementor-element elementor-element-7fcce3d e-con-full wd-section-stretch e-flex e-con e-parent\" data-id=\"7fcce3d\" data-element_type=\"container\" data-e-type=\"container\">\n\t\t<div class=\"elementor-element elementor-element-4929676 e-con-full e-flex e-con e-child\" data-id=\"4929676\" data-element_type=\"container\" data-e-type=\"container\">\n\t\t<div class=\"elementor-element elementor-element-a76720f e-con-full e-flex e-con e-child\" data-id=\"a76720f\" data-element_type=\"container\" data-e-type=\"container\" data-settings=\"{&quot;background_background&quot;:&quot;classic&quot;}\">\n\t\t<div class=\"elementor-element elementor-element-ad4df3f e-con-full e-flex e-con e-child\" data-id=\"ad4df3f\" data-element_type=\"container\" data-e-type=\"container\" data-settings=\"{&quot;background_background&quot;:&quot;classic&quot;}\">\n\t\t\t\t<div class=\"elementor-element elementor-element-ad9bd7e elementor-widget elementor-widget-shortcode\" data-id=\"ad9bd7e\" data-element_type=\"widget\" data-e-type=\"widget\" data-widget_type=\"shortcode.default\">\n\t\t\t\t<div class=\"elementor-widget-container\">\n\t\t\t\t\t\t\t<div class=\"elementor-shortcode\"><div class=\"_df_book df-lite\" id=\"df_20266\"  _slug=\"%da%a9%d8%a7%d8%aa%d8%a7%d9%84%d9%88%da%af-2024-%da%86%d8%a7%d9%be-%d8%b3%d9%88%d9%85\" data-title=\"%da%a9%d8%a7%d8%aa%d8%a7%d9%84%d9%88%da%af-2024-%da%86%d8%a7%d9%be-%d8%b3%d9%88%d9%85\" wpoptions=\"true\" thumb=\"https:\/\/orinmakhzan.ir\/wp-content\/uploads\/2023\/11\/Screenshot-2023-11-25-215243.png\" thumbtype=\"\" ><\/div><script class=\"df-shortcode-script\" nowprocket type=\"application\/javascript\">window.option_df_20266 = {\"outline\":[],\"autoEnableOutline\":\"false\",\"autoEnableThumbnail\":\"false\",\"overwritePDFOutline\":\"false\",\"direction\":\"2\",\"pageSize\":\"0\",\"source\":\"https:\\\/\\\/orinmakhzan.ir\\\/wp-content\\\/uploads\\\/2024\\\/09\\\/\\u06a9\\u0627\\u062a\\u0627\\u0644\\u0648\\u06af-\\u0627\\u0648\\u0631\\u06cc\\u0646-\\u0645\\u062e\\u0632\\u0646-\\u0686\\u0627\\u067e-\\u0633\\u0648\\u0645-1.pdf\",\"wpOptions\":\"true\"}; if(window.DFLIP && window.DFLIP.parseBooks){window.DFLIP.parseBooks();}<\/script><\/div>\n\t\t\t\t\t\t<\/div>\n\t\t\t\t<\/div>\n\t\t\t\t<\/div>\n\t\t\t\t<div class=\"elementor-element elementor-element-ef64f9d elementor-widget elementor-widget-heading\" data-id=\"ef64f9d\" data-element_type=\"widget\" data-e-type=\"widget\" data-widget_type=\"heading.default\">\n\t\t\t\t<div class=\"elementor-widget-container\">\n\t\t\t\t\t<h2 class=\"elementor-heading-title elementor-size-default\">\u00dcr\u00fcn Katalo\u011fu<\/h2>\t\t\t\t<\/div>\n\t\t\t\t<\/div>\n\t\t\t\t<div class=\"elementor-element elementor-element-f824197 text-center color-scheme-inherit elementor-widget elementor-widget-text-editor\" data-id=\"f824197\" data-element_type=\"widget\" data-e-type=\"widget\" data-widget_type=\"text-editor.default\">\n\t\t\t\t<div class=\"elementor-widget-container\">\n\t\t\t\t\t\t\t\t\t<table>\n<tbody>\n<tr>\n<td>2024 Orin Makhzan \u00fcr\u00fcn katalo\u011funu g\u00f6r\u00fcnt\u00fcleyebilir ve indirebilirsiniz, indir.<\/td>\n<\/tr>\n<\/tbody>\n<\/table>\n\t\t\t\t\t\t\t\t<\/div>\n\t\t\t\t<\/div>\n\t\t\t\t<div class=\"elementor-element elementor-element-4a82eeb elementor-align-center elementor-widget elementor-widget-button\" data-id=\"4a82eeb\" data-element_type=\"widget\" data-e-type=\"widget\" data-widget_type=\"button.default\">\n\t\t\t\t<div class=\"elementor-widget-container\">\n\t\t\t\t\t\t\t\t\t<div class=\"elementor-button-wrapper\">\n\t\t\t\t\t<a class=\"elementor-button elementor-button-link elementor-size-lg elementor-animation-bounce-in\" href=\"https:\/\/orinmakhzan.ir\/wp-content\/uploads\/2024\/09\/\u06a9\u0627\u062a\u0627\u0644\u0648\u06af-\u0627\u0648\u0631\u06cc\u0646-\u0645\u062e\u0632\u0646-\u0686\u0627\u067e-\u0633\u0648\u0645-1.pdf\">\n\t\t\t\t\t\t<span class=\"elementor-button-content-wrapper\">\n\t\t\t\t\t\t\t\t\t<span class=\"elementor-button-text\">Indir<\/span>\n\t\t\t\t\t<\/span>\n\t\t\t\t\t<\/a>\n\t\t\t\t<\/div>\n\t\t\t\t\t\t\t\t<\/div>\n\t\t\t\t<\/div>\n\t\t\t\t<\/div>\n\t\t\t\t<\/div>\n\t\t<div class=\"elementor-element elementor-element-cd1d61f e-con-full e-flex e-con e-child\" data-id=\"cd1d61f\" data-element_type=\"container\" data-e-type=\"container\">\n\t\t\t\t<div class=\"elementor-element elementor-element-48bf544 elementor-hidden-tablet elementor-hidden-mobile elementor-widget elementor-widget-wd_banner\" data-id=\"48bf544\" data-element_type=\"widget\" data-e-type=\"widget\" data-widget_type=\"wd_banner.default\">\n\t\t\t\t<div class=\"elementor-widget-container\">\n\t\t\t\t\t\t\t<div class=\"promo-banner-wrapper\">\n\t\t\t<div class=\"promo-banner banner-shadow banner-hover-zoom color-scheme-light banner-btn-size-default banner-btn-style-default wd-with-link\">\n\t\t\t\t<div class=\"main-wrapp-img\">\n\t\t\t\t\t<div class=\"banner-image wd-without-height\">\n\t\t\t\t\t\t\t\t\t\t\t\t\t\t\t\t\t\t\t\t\t<img decoding=\"async\" width=\"425\" height=\"570\" src=\"https:\/\/orinmakhzan.ir\/wp-content\/uploads\/2024\/08\/s1-425x570.webp\" class=\"attachment-425x570 size-425x570\" alt=\"\u062a\u0648\u0644\u06cc\u062f \u06a9\u0646\u0646\u062f\u0647 \u0627\u0646\u0648\u0627\u0639 \u067e\u0627\u0633\u062a\u0648\u0631\u06cc\u0632\u0627\u062a\u0648\u0631 - \u0634\u0631\u06a9\u062a \u0627\u0648\u0631\u06cc\u0646 \u0645\u062e\u0632\u0646\" \/>\t\t\t\t\t\t\t\t\t\t\t\t\t\t\t\t\t\t<\/div>\n\t\t\t\t<\/div>\n\n\t\t\t\t<div class=\"wrapper-content-banner wd-fill wd-items-bottom wd-justify-left\">\n\t\t\t\t\t<div class=\"content-banner  text-right\">\n\t\t\t\t\t\t\n\t\t\t\t\t\t\t\t\t\t\t\t\t<h4 class=\"banner-title wd-fontsize-xl\" data-elementor-setting-key=\"title\">\n\t\t\t\t\t\t\t\t <strong>Ekonomik Buza\u011f\u0131 ve Kolostrum Past\u00f6rizat\u00f6r\u00fc<\/strong>\t\t\t\t\t\t\t<\/h4>\n\t\t\t\t\t\t\n\t\t\t\t\t\t\t\t\t\t\t\t\t<div class=\"banner-inner reset-last-child wd-fontsize-xs\" data-elementor-setting-key=\"content\">\n\t\t\t\t\t\t\t\t<p><span style=\"color: black; border-radius: 8px; border: 1px solid black; background-color: #ffffff57; padding: 5px;\"><strong>Daha fazla bilgi<\/strong><\/span><\/p>\n\t\t\t\t\t\t\t<\/div>\n\t\t\t\t\t\t\n\t\t\t\t\t\t\n\t\t\t\t\t\t\t\t\t\t\t<\/div>\n\t\t\t\t<\/div>\n\n\t\t\t\t\t\t\t\t\t<a href=\"https:\/\/orinmakhzan.ir\/product-cat\/husbandry-machines\/mock-pasteurizer-colostrum\/\" class=\"wd-promo-banner-link wd-fill\" aria-label=\"Banner link\"><\/a>\n\t\t\t\t\t\t\t<\/div>\n\t\t<\/div>\n\t\t\t\t\t\t<\/div>\n\t\t\t\t<\/div>\n\t\t\t\t<div class=\"elementor-element elementor-element-e7ff14c elementor-hidden-tablet elementor-hidden-mobile elementor-widget elementor-widget-wd_banner\" data-id=\"e7ff14c\" data-element_type=\"widget\" data-e-type=\"widget\" data-widget_type=\"wd_banner.default\">\n\t\t\t\t<div class=\"elementor-widget-container\">\n\t\t\t\t\t\t\t<div class=\"promo-banner-wrapper\">\n\t\t\t<div class=\"promo-banner banner-shadow banner-hover-zoom color-scheme-light banner-btn-size-default banner-btn-style-default wd-with-link\">\n\t\t\t\t<div class=\"main-wrapp-img\">\n\t\t\t\t\t<div class=\"banner-image wd-without-height\">\n\t\t\t\t\t\t\t\t\t\t\t\t\t\t\t\t\t\t\t\t\t<img decoding=\"async\" width=\"425\" height=\"570\" src=\"https:\/\/orinmakhzan.ir\/wp-content\/uploads\/2024\/08\/s2-425x570.webp\" class=\"attachment-425x570 size-425x570\" alt=\"\u062a\u0648\u0644\u06cc\u062f \u06a9\u0646\u0646\u062f\u0647 \u0627\u0646\u0648\u0627\u0639 \u0627\u06cc\u0632\u0648\u062a\u0627\u0646\u06a9 - \u0627\u0648\u0631\u06cc\u0646 \u0645\u062e\u0632\u0646\" \/>\t\t\t\t\t\t\t\t\t\t\t\t\t\t\t\t\t\t<\/div>\n\t\t\t\t<\/div>\n\n\t\t\t\t<div class=\"wrapper-content-banner wd-fill wd-items-bottom wd-justify-left\">\n\t\t\t\t\t<div class=\"content-banner  text-left\">\n\t\t\t\t\t\t\n\t\t\t\t\t\t\t\t\t\t\t\t\t<h4 class=\"banner-title wd-fontsize-xl\" data-elementor-setting-key=\"title\">\n\t\t\t\t\t\t\t\t <strong>\u0130zotank Sipari\u015fi<\/strong>\t\t\t\t\t\t\t<\/h4>\n\t\t\t\t\t\t\n\t\t\t\t\t\t\t\t\t\t\t\t\t<div class=\"banner-inner reset-last-child wd-fontsize-xs\" data-elementor-setting-key=\"content\">\n\t\t\t\t\t\t\t\t<p><span style=\"color: black; border-radius: 8px; border: 1px solid black; background-color:#ffffff57; padding: 5px;\"><strong>Daha fazla bilgi<\/strong><\/span><\/p>\n\t\t\t\t\t\t\t<\/div>\n\t\t\t\t\t\t\n\t\t\t\t\t\t\n\t\t\t\t\t\t\t\t\t\t\t<\/div>\n\t\t\t\t<\/div>\n\n\t\t\t\t\t\t\t\t\t<a href=\"https:\/\/orinmakhzan.ir\/product\/isotank\/\" class=\"wd-promo-banner-link wd-fill\" aria-label=\"Banner link\"><\/a>\n\t\t\t\t\t\t\t<\/div>\n\t\t<\/div>\n\t\t\t\t\t\t<\/div>\n\t\t\t\t<\/div>\n\t\t\t\t<\/div>\n\t\t\t\t<\/div>\n\t\t\t\t<\/div>\n\t\t","protected":false},"excerpt":{"rendered":"<p>\u00dcr\u00fcn Katalo\u011fu 2024 Orin Makhzan \u00fcr\u00fcn katalo\u011funu g\u00f6r\u00fcnt\u00fcleyebilir ve indirebilirsiniz, indir. Indir Ekonomik Buza\u011f\u0131 ve Kolostrum Past\u00f6rizat\u00f6r\u00fc Daha fazla bilgi<\/p>\n","protected":false},"author":1,"featured_media":0,"parent":0,"menu_order":0,"comment_status":"closed","ping_status":"closed","template":"","meta":{"footnotes":""},"class_list":["post-26513","page","type-page","status-publish","hentry"],"_links":{"self":[{"href":"https:\/\/orinmakhzan.ir\/tr\/wp-json\/wp\/v2\/pages\/26513","targetHints":{"allow":["GET"]}}],"collection":[{"href":"https:\/\/orinmakhzan.ir\/tr\/wp-json\/wp\/v2\/pages"}],"about":[{"href":"https:\/\/orinmakhzan.ir\/tr\/wp-json\/wp\/v2\/types\/page"}],"author":[{"embeddable":true,"href":"https:\/\/orinmakhzan.ir\/tr\/wp-json\/wp\/v2\/users\/1"}],"replies":[{"embeddable":true,"href":"https:\/\/orinmakhzan.ir\/tr\/wp-json\/wp\/v2\/comments?post=26513"}],"version-history":[{"count":5,"href":"https:\/\/orinmakhzan.ir\/tr\/wp-json\/wp\/v2\/pages\/26513\/revisions"}],"predecessor-version":[{"id":27230,"href":"https:\/\/orinmakhzan.ir\/tr\/wp-json\/wp\/v2\/pages\/26513\/revisions\/27230"}],"wp:attachment":[{"href":"https:\/\/orinmakhzan.ir\/tr\/wp-json\/wp\/v2\/media?parent=26513"}],"curies":[{"name":"wp","href":"https:\/\/api.w.org\/{rel}","templated":true}]}}